{"id":2486,"date":"2017-04-06T19:49:55","date_gmt":"2017-04-06T16:49:55","guid":{"rendered":"https:\/\/www.saxsim.ee\/swp\/?post_type=product&#038;p=2486"},"modified":"2025-06-16T19:38:17","modified_gmt":"2025-06-16T16:38:17","slug":"scissor-stand-black-kaarihoidik","status":"publish","type":"product","link":"https:\/\/saxsim.ee\/swp\/product\/scissor-stand-black-kaarihoidik\/","title":{"rendered":"Scissor Stand, Black &#8211; k\u00e4\u00e4rihoidik"},"content":{"rendered":"<p>K\u00e4\u00e4ride hoidja kuni 10 k\u00e4\u00e4rile.<\/p>\n<p>Hoidja sisu saab puhastamiseks kergesti v\u00e4lja v\u00f5tta.<\/p>\n<p>&nbsp;<\/p>\n","protected":false},"excerpt":{"rendered":"<p>K\u00e4\u00e4ride hoidja kuni 10 k\u00e4\u00e4rile. Hoidja sisu saab puhastamiseks kergesti v\u00e4lja v\u00f5tta. &nbsp;<\/p>\n","protected":false},"featured_media":2485,"comment_status":"closed","ping_status":"closed","template":"","meta":[],"product_cat":[401,174,276,277],"product_tag":[],"class_list":{"0":"post-2486","1":"product","2":"type-product","3":"status-publish","4":"has-post-thumbnail","6":"product_cat-juuksuri-tarvikud","7":"product_cat-kaarid","8":"product_cat-loikuskaarid","9":"product_cat-fileerkaarid","11":"first","12":"instock","13":"taxable","14":"shipping-taxable","15":"purchasable","16":"product-type-simple"},"_links":{"self":[{"href":"https:\/\/saxsim.ee\/swp\/wp-json\/wp\/v2\/product\/2486"}],"collection":[{"href":"https:\/\/saxsim.ee\/swp\/wp-json\/wp\/v2\/product"}],"about":[{"href":"https:\/\/saxsim.ee\/swp\/wp-json\/wp\/v2\/types\/product"}],"replies":[{"embeddable":true,"href":"https:\/\/saxsim.ee\/swp\/wp-json\/wp\/v2\/comments?post=2486"}],"wp:featuredmedia":[{"embeddable":true,"href":"https:\/\/saxsim.ee\/swp\/wp-json\/wp\/v2\/media\/2485"}],"wp:attachment":[{"href":"https:\/\/saxsim.ee\/swp\/wp-json\/wp\/v2\/media?parent=2486"}],"wp:term":[{"taxonomy":"product_cat","embeddable":true,"href":"https:\/\/saxsim.ee\/swp\/wp-json\/wp\/v2\/product_cat?post=2486"},{"taxonomy":"product_tag","embeddable":true,"href":"https:\/\/saxsim.ee\/swp\/wp-json\/wp\/v2\/product_tag?post=2486"}],"curies":[{"name":"wp","href":"https:\/\/api.w.org\/{rel}","templated":true}]}}