{"id":2483,"date":"2017-04-06T19:49:55","date_gmt":"2017-04-06T16:49:55","guid":{"rendered":"https:\/\/www.saxsim.ee\/swp\/?post_type=product&#038;p=2483"},"modified":"2021-04-28T08:13:16","modified_gmt":"2021-04-28T05:13:16","slug":"scissor-stand-acryl-kaarihoidik","status":"publish","type":"product","link":"https:\/\/saxsim.ee\/swp\/product\/scissor-stand-acryl-kaarihoidik\/","title":{"rendered":"Scissor Stand, Acryl &#8211; k\u00e4\u00e4rihoidik"},"content":{"rendered":"<p>Akr\u00fc\u00fclist k\u00e4\u00e4ride hoidja 5 k\u00e4\u00e4rile.<\/p>\n<p>&nbsp;<\/p>\n<p>&nbsp;<\/p>\n<p>&nbsp;<\/p>\n","protected":false},"excerpt":{"rendered":"<p>Akr\u00fc\u00fclist k\u00e4\u00e4ride hoidja 5 k\u00e4\u00e4rile. &nbsp; &nbsp; &nbsp;<\/p>\n","protected":false},"featured_media":2484,"comment_status":"closed","ping_status":"closed","template":"","meta":[],"product_cat":[401,174,276,277],"product_tag":[],"class_list":{"0":"post-2483","1":"product","2":"type-product","3":"status-publish","4":"has-post-thumbnail","6":"product_cat-juuksuri-tarvikud","7":"product_cat-kaarid","8":"product_cat-loikuskaarid","9":"product_cat-fileerkaarid","11":"first","12":"instock","13":"taxable","14":"shipping-taxable","15":"purchasable","16":"product-type-simple"},"_links":{"self":[{"href":"https:\/\/saxsim.ee\/swp\/wp-json\/wp\/v2\/product\/2483"}],"collection":[{"href":"https:\/\/saxsim.ee\/swp\/wp-json\/wp\/v2\/product"}],"about":[{"href":"https:\/\/saxsim.ee\/swp\/wp-json\/wp\/v2\/types\/product"}],"replies":[{"embeddable":true,"href":"https:\/\/saxsim.ee\/swp\/wp-json\/wp\/v2\/comments?post=2483"}],"wp:featuredmedia":[{"embeddable":true,"href":"https:\/\/saxsim.ee\/swp\/wp-json\/wp\/v2\/media\/2484"}],"wp:attachment":[{"href":"https:\/\/saxsim.ee\/swp\/wp-json\/wp\/v2\/media?parent=2483"}],"wp:term":[{"taxonomy":"product_cat","embeddable":true,"href":"https:\/\/saxsim.ee\/swp\/wp-json\/wp\/v2\/product_cat?post=2483"},{"taxonomy":"product_tag","embeddable":true,"href":"https:\/\/saxsim.ee\/swp\/wp-json\/wp\/v2\/product_tag?post=2483"}],"curies":[{"name":"wp","href":"https:\/\/api.w.org\/{rel}","templated":true}]}}