{"id":2457,"date":"2017-04-06T19:49:55","date_gmt":"2017-04-06T16:49:55","guid":{"rendered":"https:\/\/www.saxsim.ee\/swp\/?post_type=product&#038;p=2457"},"modified":"2024-01-08T12:37:36","modified_gmt":"2024-01-08T10:37:36","slug":"dryer-holder-swirl-foonihoidja","status":"publish","type":"product","link":"https:\/\/saxsim.ee\/swp\/product\/dryer-holder-swirl-foonihoidja\/","title":{"rendered":"Dryer Holder, Swirl &#8211; f\u00f6\u00f6nihoidja"},"content":{"rendered":"<p>Kroomitud f\u00f6\u00f6nihoidja.<\/p>\n<h4>\u00f8 9 cm.<\/h4>\n<h4><\/h4>\n","protected":false},"excerpt":{"rendered":"<p>Kroomitud f\u00f6\u00f6nihoidja. \u00f8 9 cm.<\/p>\n","protected":false},"featured_media":2458,"comment_status":"closed","ping_status":"closed","template":"","meta":[],"product_cat":[325,326,401,285],"product_tag":[],"class_list":{"0":"post-2457","1":"product","2":"type-product","3":"status-publish","4":"has-post-thumbnail","6":"product_cat-juuksuri-ja-ilusalongi-sisustus","7":"product_cat-foonihoidjad","8":"product_cat-juuksuri-tarvikud","9":"product_cat-kasifoonid","11":"first","12":"instock","13":"taxable","14":"shipping-taxable","15":"purchasable","16":"product-type-simple"},"_links":{"self":[{"href":"https:\/\/saxsim.ee\/swp\/wp-json\/wp\/v2\/product\/2457"}],"collection":[{"href":"https:\/\/saxsim.ee\/swp\/wp-json\/wp\/v2\/product"}],"about":[{"href":"https:\/\/saxsim.ee\/swp\/wp-json\/wp\/v2\/types\/product"}],"replies":[{"embeddable":true,"href":"https:\/\/saxsim.ee\/swp\/wp-json\/wp\/v2\/comments?post=2457"}],"wp:featuredmedia":[{"embeddable":true,"href":"https:\/\/saxsim.ee\/swp\/wp-json\/wp\/v2\/media\/2458"}],"wp:attachment":[{"href":"https:\/\/saxsim.ee\/swp\/wp-json\/wp\/v2\/media?parent=2457"}],"wp:term":[{"taxonomy":"product_cat","embeddable":true,"href":"https:\/\/saxsim.ee\/swp\/wp-json\/wp\/v2\/product_cat?post=2457"},{"taxonomy":"product_tag","embeddable":true,"href":"https:\/\/saxsim.ee\/swp\/wp-json\/wp\/v2\/product_tag?post=2457"}],"curies":[{"name":"wp","href":"https:\/\/api.w.org\/{rel}","templated":true}]}}