{"id":2438,"date":"2017-04-06T16:26:13","date_gmt":"2017-04-06T13:26:13","guid":{"rendered":"https:\/\/www.saxsim.ee\/swp\/?post_type=product&#038;p=2438"},"modified":"2024-06-18T09:50:26","modified_gmt":"2024-06-18T06:50:26","slug":"mannequin-head-synthetic-55-60-cm-treeningpea","status":"publish","type":"product","link":"https:\/\/saxsim.ee\/swp\/product\/mannequin-head-synthetic-55-60-cm-treeningpea\/","title":{"rendered":"Mannequin Head, Synthetic 55-60 cm. &#8211; treeningpea"},"content":{"rendered":"<p>S\u00fcnteetilistest\u00a0juustest treeningpea, mis sobib l\u00f5ikusteks ja stiliseerimist\u00f6\u00f6deks. S\u00fcnteetilisi juukseid ei tohi keemiliselt- ( v\u00e4rvida, valgendada, keemilist lokki teha&#8230; ) ja kuumade t\u00f6\u00f6riistadega ( sirgendada, koolutada, laineid teha&#8230; ) t\u00f6\u00f6delda.<\/p>\n<p>Naine, br\u00fcnett.<\/p>\n<p>Juuste tihedus:<br \/>\n&#8211; 42 implantaati \/ cm\u00b2 pealael<br \/>\n&#8211; 36 implantaati \/ cm\u00b2 oimukohtadel<br \/>\n&#8211; 25 implantaati \/ cm\u00b2 kuklas<\/p>\n<p>&nbsp;<\/p>\n","protected":false},"excerpt":{"rendered":"<p>S\u00fcnteetilistest\u00a0juustest treeningpea, mis sobib l\u00f5ikusteks ja stiliseerimist\u00f6\u00f6deks. S\u00fcnteetilisi juukseid ei tohi keemiliselt- ( v\u00e4rvida, valgendada, keemilist lokki teha&#8230; ) ja kuumade t\u00f6\u00f6riistadega ( sirgendada, koolutada, laineid teha&#8230; ) t\u00f6\u00f6delda. Naine, br\u00fcnett. Juuste tihedus: &#8211; 42 implantaati \/ cm\u00b2 pealael &#8211; 36 implantaati \/ cm\u00b2 oimukohtadel &#8211; 25 implantaati \/ cm\u00b2 kuklas &nbsp;<\/p>\n","protected":false},"featured_media":2432,"comment_status":"closed","ping_status":"closed","template":"","meta":[],"product_cat":[401,323],"product_tag":[],"class_list":{"0":"post-2438","1":"product","2":"type-product","3":"status-publish","4":"has-post-thumbnail","6":"product_cat-juuksuri-tarvikud","7":"product_cat-treeningpead-ja-statiivid","9":"first","10":"instock","11":"taxable","12":"shipping-taxable","13":"purchasable","14":"product-type-simple"},"_links":{"self":[{"href":"https:\/\/saxsim.ee\/swp\/wp-json\/wp\/v2\/product\/2438"}],"collection":[{"href":"https:\/\/saxsim.ee\/swp\/wp-json\/wp\/v2\/product"}],"about":[{"href":"https:\/\/saxsim.ee\/swp\/wp-json\/wp\/v2\/types\/product"}],"replies":[{"embeddable":true,"href":"https:\/\/saxsim.ee\/swp\/wp-json\/wp\/v2\/comments?post=2438"}],"wp:featuredmedia":[{"embeddable":true,"href":"https:\/\/saxsim.ee\/swp\/wp-json\/wp\/v2\/media\/2432"}],"wp:attachment":[{"href":"https:\/\/saxsim.ee\/swp\/wp-json\/wp\/v2\/media?parent=2438"}],"wp:term":[{"taxonomy":"product_cat","embeddable":true,"href":"https:\/\/saxsim.ee\/swp\/wp-json\/wp\/v2\/product_cat?post=2438"},{"taxonomy":"product_tag","embeddable":true,"href":"https:\/\/saxsim.ee\/swp\/wp-json\/wp\/v2\/product_tag?post=2438"}],"curies":[{"name":"wp","href":"https:\/\/api.w.org\/{rel}","templated":true}]}}