{"id":2400,"date":"2017-04-04T23:14:36","date_gmt":"2017-04-04T20:14:36","guid":{"rendered":"https:\/\/www.saxsim.ee\/swp\/toode\/scissor-folder-joewell-toovahendite-kott\/"},"modified":"2025-01-31T05:11:03","modified_gmt":"2025-01-31T03:11:03","slug":"scissor-folder-joewell-toovahendite-kott","status":"publish","type":"product","link":"https:\/\/saxsim.ee\/swp\/product\/scissor-folder-joewell-toovahendite-kott\/","title":{"rendered":"Scissor Folder, Joewell &#8211; t\u00f6\u00f6vahendite kott"},"content":{"rendered":"<p>T\u00f6\u00f6vahendite kott 8 k\u00e4\u00e4rile.<\/p>\n<p>&nbsp;<\/p>\n<p>&nbsp;<\/p>\n<p>&nbsp;<\/p>\n","protected":false},"excerpt":{"rendered":"<p>T\u00f6\u00f6vahendite kott 8 k\u00e4\u00e4rile. &nbsp; &nbsp; &nbsp;<\/p>\n","protected":false},"featured_media":2401,"comment_status":"closed","ping_status":"closed","template":"","meta":[],"product_cat":[401,313],"product_tag":[],"class_list":{"0":"post-2400","1":"product","2":"type-product","3":"status-publish","4":"has-post-thumbnail","6":"product_cat-juuksuri-tarvikud","7":"product_cat-kohvrid-ja-kotid","9":"first","10":"instock","11":"taxable","12":"shipping-taxable","13":"purchasable","14":"product-type-simple"},"_links":{"self":[{"href":"https:\/\/saxsim.ee\/swp\/wp-json\/wp\/v2\/product\/2400"}],"collection":[{"href":"https:\/\/saxsim.ee\/swp\/wp-json\/wp\/v2\/product"}],"about":[{"href":"https:\/\/saxsim.ee\/swp\/wp-json\/wp\/v2\/types\/product"}],"replies":[{"embeddable":true,"href":"https:\/\/saxsim.ee\/swp\/wp-json\/wp\/v2\/comments?post=2400"}],"wp:featuredmedia":[{"embeddable":true,"href":"https:\/\/saxsim.ee\/swp\/wp-json\/wp\/v2\/media\/2401"}],"wp:attachment":[{"href":"https:\/\/saxsim.ee\/swp\/wp-json\/wp\/v2\/media?parent=2400"}],"wp:term":[{"taxonomy":"product_cat","embeddable":true,"href":"https:\/\/saxsim.ee\/swp\/wp-json\/wp\/v2\/product_cat?post=2400"},{"taxonomy":"product_tag","embeddable":true,"href":"https:\/\/saxsim.ee\/swp\/wp-json\/wp\/v2\/product_tag?post=2400"}],"curies":[{"name":"wp","href":"https:\/\/api.w.org\/{rel}","templated":true}]}}