{"id":2387,"date":"2017-04-04T21:23:12","date_gmt":"2017-04-04T18:23:12","guid":{"rendered":"https:\/\/www.saxsim.ee\/swp\/toode\/scissor-holster-strapped-vookott\/"},"modified":"2026-02-08T11:37:15","modified_gmt":"2026-02-08T09:37:15","slug":"scissor-holster-strapped-vookott","status":"publish","type":"product","link":"https:\/\/saxsim.ee\/swp\/product\/scissor-holster-strapped-vookott\/","title":{"rendered":"Scissor Holster, Strapped &#8211; v\u00f6\u00f6kott"},"content":{"rendered":"<p>T\u00f6\u00f6vahendite v\u00f6\u00f6kott.<\/p>\n<p>&nbsp;<\/p>\n<p>&nbsp;<\/p>\n","protected":false},"excerpt":{"rendered":"<p>T\u00f6\u00f6vahendite v\u00f6\u00f6kott. &nbsp; &nbsp;<\/p>\n","protected":false},"featured_media":2388,"comment_status":"closed","ping_status":"closed","template":"","meta":[],"product_cat":[401,313],"product_tag":[],"class_list":{"0":"post-2387","1":"product","2":"type-product","3":"status-publish","4":"has-post-thumbnail","6":"product_cat-juuksuri-tarvikud","7":"product_cat-kohvrid-ja-kotid","9":"first","10":"instock","11":"taxable","12":"shipping-taxable","13":"purchasable","14":"product-type-simple"},"_links":{"self":[{"href":"https:\/\/saxsim.ee\/swp\/wp-json\/wp\/v2\/product\/2387"}],"collection":[{"href":"https:\/\/saxsim.ee\/swp\/wp-json\/wp\/v2\/product"}],"about":[{"href":"https:\/\/saxsim.ee\/swp\/wp-json\/wp\/v2\/types\/product"}],"replies":[{"embeddable":true,"href":"https:\/\/saxsim.ee\/swp\/wp-json\/wp\/v2\/comments?post=2387"}],"wp:featuredmedia":[{"embeddable":true,"href":"https:\/\/saxsim.ee\/swp\/wp-json\/wp\/v2\/media\/2388"}],"wp:attachment":[{"href":"https:\/\/saxsim.ee\/swp\/wp-json\/wp\/v2\/media?parent=2387"}],"wp:term":[{"taxonomy":"product_cat","embeddable":true,"href":"https:\/\/saxsim.ee\/swp\/wp-json\/wp\/v2\/product_cat?post=2387"},{"taxonomy":"product_tag","embeddable":true,"href":"https:\/\/saxsim.ee\/swp\/wp-json\/wp\/v2\/product_tag?post=2387"}],"curies":[{"name":"wp","href":"https:\/\/api.w.org\/{rel}","templated":true}]}}