{"id":2385,"date":"2017-04-04T21:19:39","date_gmt":"2017-04-04T18:19:39","guid":{"rendered":"https:\/\/www.saxsim.ee\/swp\/toode\/scissor-holster-fast-draw-vookott\/"},"modified":"2019-04-05T12:33:20","modified_gmt":"2019-04-05T09:33:20","slug":"scissor-holster-fast-draw-vookott","status":"publish","type":"product","link":"https:\/\/saxsim.ee\/swp\/product\/scissor-holster-fast-draw-vookott\/","title":{"rendered":"Scissor Holster, Fast Draw &#8211; v\u00f6\u00f6kott"},"content":{"rendered":"<p>T\u00f6\u00f6vahendite v\u00f6\u00f6kott.<\/p>\n<p>&nbsp;<\/p>\n<p>&nbsp;<\/p>\n","protected":false},"excerpt":{"rendered":"<p>T\u00f6\u00f6vahendite v\u00f6\u00f6kott. &nbsp; &nbsp;<\/p>\n","protected":false},"featured_media":2386,"comment_status":"closed","ping_status":"closed","template":"","meta":[],"product_cat":[401,313],"product_tag":[],"class_list":{"0":"post-2385","1":"product","2":"type-product","3":"status-publish","4":"has-post-thumbnail","6":"product_cat-juuksuri-tarvikud","7":"product_cat-kohvrid-ja-kotid","9":"first","10":"instock","11":"taxable","12":"shipping-taxable","13":"purchasable","14":"product-type-simple"},"_links":{"self":[{"href":"https:\/\/saxsim.ee\/swp\/wp-json\/wp\/v2\/product\/2385"}],"collection":[{"href":"https:\/\/saxsim.ee\/swp\/wp-json\/wp\/v2\/product"}],"about":[{"href":"https:\/\/saxsim.ee\/swp\/wp-json\/wp\/v2\/types\/product"}],"replies":[{"embeddable":true,"href":"https:\/\/saxsim.ee\/swp\/wp-json\/wp\/v2\/comments?post=2385"}],"wp:featuredmedia":[{"embeddable":true,"href":"https:\/\/saxsim.ee\/swp\/wp-json\/wp\/v2\/media\/2386"}],"wp:attachment":[{"href":"https:\/\/saxsim.ee\/swp\/wp-json\/wp\/v2\/media?parent=2385"}],"wp:term":[{"taxonomy":"product_cat","embeddable":true,"href":"https:\/\/saxsim.ee\/swp\/wp-json\/wp\/v2\/product_cat?post=2385"},{"taxonomy":"product_tag","embeddable":true,"href":"https:\/\/saxsim.ee\/swp\/wp-json\/wp\/v2\/product_tag?post=2385"}],"curies":[{"name":"wp","href":"https:\/\/api.w.org\/{rel}","templated":true}]}}