{"id":2383,"date":"2017-04-04T21:14:53","date_gmt":"2017-04-04T18:14:53","guid":{"rendered":"https:\/\/www.saxsim.ee\/swp\/toode\/scissor-holster-heart-vookott\/"},"modified":"2017-06-03T16:20:52","modified_gmt":"2017-06-03T13:20:52","slug":"scissor-holster-heart-vookott","status":"publish","type":"product","link":"https:\/\/saxsim.ee\/swp\/product\/scissor-holster-heart-vookott\/","title":{"rendered":"Scissor Holster, Heart &#8211; v\u00f6\u00f6kott"},"content":{"rendered":"<p>T\u00f6\u00f6vahendite v\u00f6\u00f6kott.<\/p>\n<p>&nbsp;<\/p>\n<p>&nbsp;<\/p>\n","protected":false},"excerpt":{"rendered":"<p>T\u00f6\u00f6vahendite v\u00f6\u00f6kott. &nbsp; &nbsp;<\/p>\n","protected":false},"featured_media":2384,"comment_status":"closed","ping_status":"closed","template":"","meta":[],"product_cat":[401,313],"product_tag":[],"class_list":{"0":"post-2383","1":"product","2":"type-product","3":"status-publish","4":"has-post-thumbnail","6":"product_cat-juuksuri-tarvikud","7":"product_cat-kohvrid-ja-kotid","9":"first","10":"instock","11":"taxable","12":"shipping-taxable","13":"purchasable","14":"product-type-simple"},"_links":{"self":[{"href":"https:\/\/saxsim.ee\/swp\/wp-json\/wp\/v2\/product\/2383"}],"collection":[{"href":"https:\/\/saxsim.ee\/swp\/wp-json\/wp\/v2\/product"}],"about":[{"href":"https:\/\/saxsim.ee\/swp\/wp-json\/wp\/v2\/types\/product"}],"replies":[{"embeddable":true,"href":"https:\/\/saxsim.ee\/swp\/wp-json\/wp\/v2\/comments?post=2383"}],"wp:featuredmedia":[{"embeddable":true,"href":"https:\/\/saxsim.ee\/swp\/wp-json\/wp\/v2\/media\/2384"}],"wp:attachment":[{"href":"https:\/\/saxsim.ee\/swp\/wp-json\/wp\/v2\/media?parent=2383"}],"wp:term":[{"taxonomy":"product_cat","embeddable":true,"href":"https:\/\/saxsim.ee\/swp\/wp-json\/wp\/v2\/product_cat?post=2383"},{"taxonomy":"product_tag","embeddable":true,"href":"https:\/\/saxsim.ee\/swp\/wp-json\/wp\/v2\/product_tag?post=2383"}],"curies":[{"name":"wp","href":"https:\/\/api.w.org\/{rel}","templated":true}]}}