{"id":2381,"date":"2017-04-04T21:03:08","date_gmt":"2017-04-04T18:03:08","guid":{"rendered":"https:\/\/www.saxsim.ee\/swp\/toode\/carpenter-holster-vookott\/"},"modified":"2025-07-08T08:15:22","modified_gmt":"2025-07-08T05:15:22","slug":"carpenter-holster-vookott","status":"publish","type":"product","link":"https:\/\/saxsim.ee\/swp\/product\/carpenter-holster-vookott\/","title":{"rendered":"Carpenter Holster &#8211; v\u00f6\u00f6kott"},"content":{"rendered":"<p>Nailonist t\u00f6\u00f6vahendite v\u00f6\u00f6kott.<\/p>\n<p>&nbsp;<\/p>\n<p>&nbsp;<\/p>\n","protected":false},"excerpt":{"rendered":"<p>Nailonist t\u00f6\u00f6vahendite v\u00f6\u00f6kott. &nbsp; &nbsp;<\/p>\n","protected":false},"featured_media":2382,"comment_status":"closed","ping_status":"closed","template":"","meta":[],"product_cat":[401,313],"product_tag":[],"class_list":{"0":"post-2381","1":"product","2":"type-product","3":"status-publish","4":"has-post-thumbnail","6":"product_cat-juuksuri-tarvikud","7":"product_cat-kohvrid-ja-kotid","9":"first","10":"instock","11":"taxable","12":"shipping-taxable","13":"purchasable","14":"product-type-simple"},"_links":{"self":[{"href":"https:\/\/saxsim.ee\/swp\/wp-json\/wp\/v2\/product\/2381"}],"collection":[{"href":"https:\/\/saxsim.ee\/swp\/wp-json\/wp\/v2\/product"}],"about":[{"href":"https:\/\/saxsim.ee\/swp\/wp-json\/wp\/v2\/types\/product"}],"replies":[{"embeddable":true,"href":"https:\/\/saxsim.ee\/swp\/wp-json\/wp\/v2\/comments?post=2381"}],"wp:featuredmedia":[{"embeddable":true,"href":"https:\/\/saxsim.ee\/swp\/wp-json\/wp\/v2\/media\/2382"}],"wp:attachment":[{"href":"https:\/\/saxsim.ee\/swp\/wp-json\/wp\/v2\/media?parent=2381"}],"wp:term":[{"taxonomy":"product_cat","embeddable":true,"href":"https:\/\/saxsim.ee\/swp\/wp-json\/wp\/v2\/product_cat?post=2381"},{"taxonomy":"product_tag","embeddable":true,"href":"https:\/\/saxsim.ee\/swp\/wp-json\/wp\/v2\/product_tag?post=2381"}],"curies":[{"name":"wp","href":"https:\/\/api.w.org\/{rel}","templated":true}]}}