{"id":2380,"date":"2017-04-04T20:47:58","date_gmt":"2017-04-04T17:47:58","guid":{"rendered":"https:\/\/www.saxsim.ee\/swp\/toode\/oster-grease-37-ml-maare\/"},"modified":"2026-02-13T10:58:26","modified_gmt":"2026-02-13T08:58:26","slug":"oster-grease-37-ml-maare","status":"publish","type":"product","link":"https:\/\/saxsim.ee\/swp\/product\/oster-grease-37-ml-maare\/","title":{"rendered":"Oster Grease 37 ml. &#8211; m\u00e4\u00e4re"},"content":{"rendered":"<p>Spetsiaalne m\u00e4\u00e4re\u00a0juuksel\u00f5ikusmasinatele.<\/p>\n<p>&nbsp;<\/p>\n<p>&nbsp;<\/p>\n","protected":false},"excerpt":{"rendered":"<p>Spetsiaalne m\u00e4\u00e4re\u00a0juuksel\u00f5ikusmasinatele. &nbsp; &nbsp;<\/p>\n","protected":false},"featured_media":2376,"comment_status":"closed","ping_status":"closed","template":"","meta":[],"product_cat":[670,401,286],"product_tag":[],"class_list":{"0":"post-2380","1":"product","2":"type-product","3":"status-publish","4":"has-post-thumbnail","6":"product_cat-oster","7":"product_cat-juuksuri-tarvikud","8":"product_cat-loikusmasinad-ja-trimmerid","10":"first","11":"instock","12":"taxable","13":"shipping-taxable","14":"purchasable","15":"product-type-simple"},"_links":{"self":[{"href":"https:\/\/saxsim.ee\/swp\/wp-json\/wp\/v2\/product\/2380"}],"collection":[{"href":"https:\/\/saxsim.ee\/swp\/wp-json\/wp\/v2\/product"}],"about":[{"href":"https:\/\/saxsim.ee\/swp\/wp-json\/wp\/v2\/types\/product"}],"replies":[{"embeddable":true,"href":"https:\/\/saxsim.ee\/swp\/wp-json\/wp\/v2\/comments?post=2380"}],"wp:featuredmedia":[{"embeddable":true,"href":"https:\/\/saxsim.ee\/swp\/wp-json\/wp\/v2\/media\/2376"}],"wp:attachment":[{"href":"https:\/\/saxsim.ee\/swp\/wp-json\/wp\/v2\/media?parent=2380"}],"wp:term":[{"taxonomy":"product_cat","embeddable":true,"href":"https:\/\/saxsim.ee\/swp\/wp-json\/wp\/v2\/product_cat?post=2380"},{"taxonomy":"product_tag","embeddable":true,"href":"https:\/\/saxsim.ee\/swp\/wp-json\/wp\/v2\/product_tag?post=2380"}],"curies":[{"name":"wp","href":"https:\/\/api.w.org\/{rel}","templated":true}]}}