{"id":2378,"date":"2017-04-04T20:36:05","date_gmt":"2017-04-04T17:36:05","guid":{"rendered":"https:\/\/www.saxsim.ee\/swp\/toode\/oster-oil-15-ml-oli\/"},"modified":"2025-07-24T10:06:28","modified_gmt":"2025-07-24T07:06:28","slug":"oster-oil-120-ml-oli","status":"publish","type":"product","link":"https:\/\/saxsim.ee\/swp\/product\/oster-oil-120-ml-oli\/","title":{"rendered":"Oster Oil 120 ml. &#8211; \u00f5li"},"content":{"rendered":"<p>M\u00e4\u00e4rde\u00f5li juuksel\u00f5ikusmasinatele ja k\u00e4\u00e4ridele.<\/p>\n<p>&nbsp;<\/p>\n<p>&nbsp;<\/p>\n","protected":false},"excerpt":{"rendered":"<p>M\u00e4\u00e4rde\u00f5li juuksel\u00f5ikusmasinatele ja k\u00e4\u00e4ridele. &nbsp; &nbsp;<\/p>\n","protected":false},"featured_media":2374,"comment_status":"closed","ping_status":"closed","template":"","meta":[],"product_cat":[670,401,276,277,286],"product_tag":[],"class_list":{"0":"post-2378","1":"product","2":"type-product","3":"status-publish","4":"has-post-thumbnail","6":"product_cat-oster","7":"product_cat-juuksuri-tarvikud","8":"product_cat-loikuskaarid","9":"product_cat-fileerkaarid","10":"product_cat-loikusmasinad-ja-trimmerid","12":"first","13":"outofstock","14":"taxable","15":"shipping-taxable","16":"purchasable","17":"product-type-simple"},"_links":{"self":[{"href":"https:\/\/saxsim.ee\/swp\/wp-json\/wp\/v2\/product\/2378"}],"collection":[{"href":"https:\/\/saxsim.ee\/swp\/wp-json\/wp\/v2\/product"}],"about":[{"href":"https:\/\/saxsim.ee\/swp\/wp-json\/wp\/v2\/types\/product"}],"replies":[{"embeddable":true,"href":"https:\/\/saxsim.ee\/swp\/wp-json\/wp\/v2\/comments?post=2378"}],"wp:featuredmedia":[{"embeddable":true,"href":"https:\/\/saxsim.ee\/swp\/wp-json\/wp\/v2\/media\/2374"}],"wp:attachment":[{"href":"https:\/\/saxsim.ee\/swp\/wp-json\/wp\/v2\/media?parent=2378"}],"wp:term":[{"taxonomy":"product_cat","embeddable":true,"href":"https:\/\/saxsim.ee\/swp\/wp-json\/wp\/v2\/product_cat?post=2378"},{"taxonomy":"product_tag","embeddable":true,"href":"https:\/\/saxsim.ee\/swp\/wp-json\/wp\/v2\/product_tag?post=2378"}],"curies":[{"name":"wp","href":"https:\/\/api.w.org\/{rel}","templated":true}]}}