{"id":2377,"date":"2017-04-04T20:23:39","date_gmt":"2017-04-04T17:23:39","guid":{"rendered":"https:\/\/www.saxsim.ee\/swp\/toode\/oster-blade-wash-532-ml-puhastuslahus\/"},"modified":"2025-09-16T10:30:29","modified_gmt":"2025-09-16T07:30:29","slug":"oster-blade-wash-532-ml-puhastuslahus","status":"publish","type":"product","link":"https:\/\/saxsim.ee\/swp\/product\/oster-blade-wash-532-ml-puhastuslahus\/","title":{"rendered":"Oster Blade Wash 532 ml. &#8211; puhastuslahus"},"content":{"rendered":"<p>S\u00fcvapuhastav lahus l\u00f5ikusmasinate terade puhastamiseks. Eemaldab l\u00f5ikusterale ladestunud tolmu ja viimistlusainete j\u00e4\u00e4gid. V\u00e4hendab tera h\u00f5\u00f5rdumist, mis omakorda v\u00e4hendab mootori koormust.\u00a0\u00d5igesti hooldatud t\u00f6\u00f6vahend pikendab tema t\u00f6\u00f6iga.<\/p>\n<p>&nbsp;<\/p>\n","protected":false},"excerpt":{"rendered":"<p>S\u00fcvapuhastav lahus l\u00f5ikusmasinate terade puhastamiseks. Eemaldab l\u00f5ikusterale ladestunud tolmu ja viimistlusainete j\u00e4\u00e4gid. V\u00e4hendab tera h\u00f5\u00f5rdumist, mis omakorda v\u00e4hendab mootori koormust.\u00a0\u00d5igesti hooldatud t\u00f6\u00f6vahend pikendab tema t\u00f6\u00f6iga. &nbsp;<\/p>\n","protected":false},"featured_media":2373,"comment_status":"closed","ping_status":"closed","template":"","meta":[],"product_cat":[670,401,599,286],"product_tag":[],"class_list":{"0":"post-2377","1":"product","2":"type-product","3":"status-publish","4":"has-post-thumbnail","6":"product_cat-oster","7":"product_cat-juuksuri-tarvikud","8":"product_cat-puhastus-ja-desinfektsioonivahendid","9":"product_cat-loikusmasinad-ja-trimmerid","11":"first","12":"outofstock","13":"taxable","14":"shipping-taxable","15":"purchasable","16":"product-type-simple"},"_links":{"self":[{"href":"https:\/\/saxsim.ee\/swp\/wp-json\/wp\/v2\/product\/2377"}],"collection":[{"href":"https:\/\/saxsim.ee\/swp\/wp-json\/wp\/v2\/product"}],"about":[{"href":"https:\/\/saxsim.ee\/swp\/wp-json\/wp\/v2\/types\/product"}],"replies":[{"embeddable":true,"href":"https:\/\/saxsim.ee\/swp\/wp-json\/wp\/v2\/comments?post=2377"}],"wp:featuredmedia":[{"embeddable":true,"href":"https:\/\/saxsim.ee\/swp\/wp-json\/wp\/v2\/media\/2373"}],"wp:attachment":[{"href":"https:\/\/saxsim.ee\/swp\/wp-json\/wp\/v2\/media?parent=2377"}],"wp:term":[{"taxonomy":"product_cat","embeddable":true,"href":"https:\/\/saxsim.ee\/swp\/wp-json\/wp\/v2\/product_cat?post=2377"},{"taxonomy":"product_tag","embeddable":true,"href":"https:\/\/saxsim.ee\/swp\/wp-json\/wp\/v2\/product_tag?post=2377"}],"curies":[{"name":"wp","href":"https:\/\/api.w.org\/{rel}","templated":true}]}}