{"id":2371,"date":"2017-04-04T19:47:37","date_gmt":"2017-04-04T16:47:37","guid":{"rendered":"https:\/\/www.saxsim.ee\/swp\/toode\/kool-lube-400-ml-desinfitseerimisvahend\/"},"modified":"2025-11-07T09:01:17","modified_gmt":"2025-11-07T07:01:17","slug":"kool-lube-400-ml-desinfitseerimisvahend","status":"publish","type":"product","link":"https:\/\/saxsim.ee\/swp\/product\/kool-lube-400-ml-desinfitseerimisvahend\/","title":{"rendered":"Oster Kool Lube 400 ml. &#8211; k\u00e4\u00e4ride- ja masinaterade hooldusvahend"},"content":{"rendered":"<p>Efektiivne k\u00e4\u00e4ride- ja masinaterade hooldusvahend, mis \u00f5litab, puhastab ja jahutab samaaegselt. Eemaldab juuksed ja mustuse. T\u00f6\u00f6tab nagu m\u00e4\u00e4rdeaine, mis garanteerib terade \u00fchtlase ja t\u00f5husa l\u00f5ikamise. Regulaarne kasutamine hoiab terad teravatena ja kindlustab neile pikema t\u00f6\u00f6ea.<\/p>\n<p><u>Kasutamine:<\/u> Kasuta enne j\u00e4rgmist klienti v\u00f5i vajadusel ka t\u00f6\u00f6 k\u00e4igus. Hoia ballooni vertikaalselt ja pihusta hooldusvahendit peale igat t\u00f6\u00f6d 15-20 cm kauguselt teradele. Lase kuivada.<\/p>\n<p><strong>T\u00c4HELEPANU!<\/strong> H222 <u>Eriti tuleohtlik aerosoolpakend!<\/u> H229 Pakend on r\u00f5hu all. Kuumenedes v\u00f5ib plahvatada. H315 V\u00f5ib p\u00f5hjustada naha\u00e4rritust. H336 V\u00f5ib p\u00f5hjustada unisust ja peap\u00f6\u00f6ritust. H411 Kahjulik veeorganismidele, pikaajalisete m\u00f5judega. P210 Hoidke ballooni eemal kuumusest, kuumenevatest pindadest, s\u00e4demetest, lahtisest leegist ja teistest s\u00fcttivatest ainetest. Mitte suitsetada. P211 \u00c4rge pihustage lahtisesse tulle v\u00f5i teistesse s\u00fc\u00fcteallikatesse. P251 Peale kasutamist \u00e4rge p\u00f5letage ega l\u00f5hkuge ballooni. P410\/412 Hoida p\u00e4ikesepaiste ja \u00fcle +50\u00b0C \/ 122\u00b0F kuumuse eest! P273 V\u00e4ldi keskkonda sattumist. P501 Utiliseerige sisu ja pakend vastavalt kohalikele eeskirjadele. P280 Kandke kaitsekindaid, -riideid, -prille ja n\u00e4okaitse vahendeid.<\/p>\n<p>\u00d5igesti hooldatud t\u00f6\u00f6vahend pikendab tema t\u00f6\u00f6iga.<\/p>\n<p>&nbsp;<\/p>\n","protected":false},"excerpt":{"rendered":"<p>Efektiivne k\u00e4\u00e4ride- ja masinaterade hooldusvahend, mis \u00f5litab, puhastab ja jahutab samaaegselt. Eemaldab juuksed ja mustuse. T\u00f6\u00f6tab nagu m\u00e4\u00e4rdeaine, mis garanteerib terade \u00fchtlase ja t\u00f5husa l\u00f5ikamise. Regulaarne kasutamine hoiab terad teravatena ja kindlustab neile pikema t\u00f6\u00f6ea. Kasutamine: Kasuta enne j\u00e4rgmist klienti v\u00f5i vajadusel ka t\u00f6\u00f6 k\u00e4igus. Hoia ballooni vertikaalselt ja pihusta hooldusvahendit peale igat t\u00f6\u00f6d 15-20 [&hellip;]<\/p>\n","protected":false},"featured_media":2372,"comment_status":"closed","ping_status":"closed","template":"","meta":[],"product_cat":[670,401,599,286],"product_tag":[],"class_list":{"0":"post-2371","1":"product","2":"type-product","3":"status-publish","4":"has-post-thumbnail","6":"product_cat-oster","7":"product_cat-juuksuri-tarvikud","8":"product_cat-puhastus-ja-desinfektsioonivahendid","9":"product_cat-loikusmasinad-ja-trimmerid","11":"first","12":"instock","13":"taxable","14":"shipping-taxable","15":"purchasable","16":"product-type-simple"},"_links":{"self":[{"href":"https:\/\/saxsim.ee\/swp\/wp-json\/wp\/v2\/product\/2371"}],"collection":[{"href":"https:\/\/saxsim.ee\/swp\/wp-json\/wp\/v2\/product"}],"about":[{"href":"https:\/\/saxsim.ee\/swp\/wp-json\/wp\/v2\/types\/product"}],"replies":[{"embeddable":true,"href":"https:\/\/saxsim.ee\/swp\/wp-json\/wp\/v2\/comments?post=2371"}],"wp:featuredmedia":[{"embeddable":true,"href":"https:\/\/saxsim.ee\/swp\/wp-json\/wp\/v2\/media\/2372"}],"wp:attachment":[{"href":"https:\/\/saxsim.ee\/swp\/wp-json\/wp\/v2\/media?parent=2371"}],"wp:term":[{"taxonomy":"product_cat","embeddable":true,"href":"https:\/\/saxsim.ee\/swp\/wp-json\/wp\/v2\/product_cat?post=2371"},{"taxonomy":"product_tag","embeddable":true,"href":"https:\/\/saxsim.ee\/swp\/wp-json\/wp\/v2\/product_tag?post=2371"}],"curies":[{"name":"wp","href":"https:\/\/api.w.org\/{rel}","templated":true}]}}