{"id":2218,"date":"2017-04-03T11:07:29","date_gmt":"2017-04-03T08:07:29","guid":{"rendered":"https:\/\/www.saxsim.ee\/swp\/toode\/hair-buns-23-cm-soengutaidis\/"},"modified":"2022-07-16T12:37:09","modified_gmt":"2022-07-16T09:37:09","slug":"hair-buns-blond-soengutaidis-23-cm","status":"publish","type":"product","link":"https:\/\/saxsim.ee\/swp\/product\/hair-buns-blond-soengutaidis-23-cm\/","title":{"rendered":"Hair Buns &#8211; blond soengut\u00e4idis 23 cm."},"content":{"rendered":"<p>Toote m\u00f5lemas otsas on trukk, mis v\u00f5imaldab teda kasutada piklikult v\u00f5i r\u00f5ngana.<\/p>\n<p>&nbsp;<\/p>\n<p>&nbsp;<\/p>\n<p>&nbsp;<\/p>\n","protected":false},"excerpt":{"rendered":"<p>Toote m\u00f5lemas otsas on trukk, mis v\u00f5imaldab teda kasutada piklikult v\u00f5i r\u00f5ngana. &nbsp; &nbsp; &nbsp;<\/p>\n","protected":false},"featured_media":2772,"comment_status":"closed","ping_status":"closed","template":"","meta":[],"product_cat":[401,175,607],"product_tag":[],"class_list":{"0":"post-2218","1":"product","2":"type-product","3":"status-publish","4":"has-post-thumbnail","6":"product_cat-juuksuri-tarvikud","7":"product_cat-soenguvahendid","8":"product_cat-soengutaidised","10":"first","11":"instock","12":"taxable","13":"shipping-taxable","14":"purchasable","15":"product-type-simple"},"_links":{"self":[{"href":"https:\/\/saxsim.ee\/swp\/wp-json\/wp\/v2\/product\/2218"}],"collection":[{"href":"https:\/\/saxsim.ee\/swp\/wp-json\/wp\/v2\/product"}],"about":[{"href":"https:\/\/saxsim.ee\/swp\/wp-json\/wp\/v2\/types\/product"}],"replies":[{"embeddable":true,"href":"https:\/\/saxsim.ee\/swp\/wp-json\/wp\/v2\/comments?post=2218"}],"wp:featuredmedia":[{"embeddable":true,"href":"https:\/\/saxsim.ee\/swp\/wp-json\/wp\/v2\/media\/2772"}],"wp:attachment":[{"href":"https:\/\/saxsim.ee\/swp\/wp-json\/wp\/v2\/media?parent=2218"}],"wp:term":[{"taxonomy":"product_cat","embeddable":true,"href":"https:\/\/saxsim.ee\/swp\/wp-json\/wp\/v2\/product_cat?post=2218"},{"taxonomy":"product_tag","embeddable":true,"href":"https:\/\/saxsim.ee\/swp\/wp-json\/wp\/v2\/product_tag?post=2218"}],"curies":[{"name":"wp","href":"https:\/\/api.w.org\/{rel}","templated":true}]}}