{"id":2109,"date":"2017-04-02T16:35:14","date_gmt":"2017-04-02T13:35:14","guid":{"rendered":"https:\/\/www.saxsim.ee\/swp\/toode\/zipper-apron-poll\/"},"modified":"2026-01-23T11:36:16","modified_gmt":"2026-01-23T09:36:16","slug":"zipper-apron-poll","status":"publish","type":"product","link":"https:\/\/saxsim.ee\/swp\/product\/zipper-apron-poll\/","title":{"rendered":"Zipper Apron &#8211; p\u00f5ll"},"content":{"rendered":"<p>Suurus &#8211; 67*88 cm.<\/p>\n<p>Kinnitus &#8211;\u00a0reguleeritavate \u00f5lapaeltega<\/p>\n<p>Materjal \u2013 veekindel,\u00a0pol\u00fcester, lamineeritud pol\u00fcuretaaniga<\/p>\n<p>4 taskut, mida t\u00e4nu lukufunktsioonile on kerge puhastada<\/p>\n<p><strong>Hooldus:<\/strong><\/p>\n<p>masinpesu madalal temperatuuril<\/p>\n<p>kuivatada soovitavalt n\u00f6\u00f6ril. Trummelkuivatus ainult madalatel p\u00f6\u00f6retel!<\/p>\n<p>pesemisel \u00e4rge kunagi kasutage vedelaid valgendusvahendeid!<\/p>\n<p>v\u00e4rviplekid eemaldage koheselt niiske paberr\u00e4tikuga. Raskemaid v\u00e4rviplekke proovi eemaldada sooja vee ja seebiga. Eriti rasketel juhtudel v\u00f5ib vaja minna v\u00e4rvieemaldajat.<\/p>\n<p>\u00e4rge kunagi pange v\u00e4rviplekkidega r\u00f5ivast otse masinasse<\/p>\n<p>&nbsp;<\/p>\n","protected":false},"excerpt":{"rendered":"<p>Suurus &#8211; 67*88 cm. Kinnitus &#8211;\u00a0reguleeritavate \u00f5lapaeltega Materjal \u2013 veekindel,\u00a0pol\u00fcester, lamineeritud pol\u00fcuretaaniga 4 taskut, mida t\u00e4nu lukufunktsioonile on kerge puhastada Hooldus: masinpesu madalal temperatuuril kuivatada soovitavalt n\u00f6\u00f6ril. Trummelkuivatus ainult madalatel p\u00f6\u00f6retel! pesemisel \u00e4rge kunagi kasutage vedelaid valgendusvahendeid! v\u00e4rviplekid eemaldage koheselt niiske paberr\u00e4tikuga. Raskemaid v\u00e4rviplekke proovi eemaldada sooja vee ja seebiga. Eriti rasketel juhtudel v\u00f5ib vaja [&hellip;]<\/p>\n","protected":false},"featured_media":2110,"comment_status":"closed","ping_status":"closed","template":"","meta":[],"product_cat":[577,592,401,297],"product_tag":[],"class_list":{"0":"post-2109","1":"product","2":"type-product","3":"status-publish","4":"has-post-thumbnail","6":"product_cat-iluteenindaja-tarvikud","7":"product_cat-polled-ja-tooroivad-iluteenindajale","8":"product_cat-juuksuri-tarvikud","9":"product_cat-polled-ja-tooroivad","11":"first","12":"instock","13":"taxable","14":"shipping-taxable","15":"purchasable","16":"product-type-simple"},"_links":{"self":[{"href":"https:\/\/saxsim.ee\/swp\/wp-json\/wp\/v2\/product\/2109"}],"collection":[{"href":"https:\/\/saxsim.ee\/swp\/wp-json\/wp\/v2\/product"}],"about":[{"href":"https:\/\/saxsim.ee\/swp\/wp-json\/wp\/v2\/types\/product"}],"replies":[{"embeddable":true,"href":"https:\/\/saxsim.ee\/swp\/wp-json\/wp\/v2\/comments?post=2109"}],"wp:featuredmedia":[{"embeddable":true,"href":"https:\/\/saxsim.ee\/swp\/wp-json\/wp\/v2\/media\/2110"}],"wp:attachment":[{"href":"https:\/\/saxsim.ee\/swp\/wp-json\/wp\/v2\/media?parent=2109"}],"wp:term":[{"taxonomy":"product_cat","embeddable":true,"href":"https:\/\/saxsim.ee\/swp\/wp-json\/wp\/v2\/product_cat?post=2109"},{"taxonomy":"product_tag","embeddable":true,"href":"https:\/\/saxsim.ee\/swp\/wp-json\/wp\/v2\/product_tag?post=2109"}],"curies":[{"name":"wp","href":"https:\/\/api.w.org\/{rel}","templated":true}]}}