{"id":2090,"date":"2017-04-02T13:46:35","date_gmt":"2017-04-02T10:46:35","guid":{"rendered":"https:\/\/www.saxsim.ee\/swp\/toode\/protecting-cape-2-loikus-ja-varvilina\/"},"modified":"2025-08-05T10:02:13","modified_gmt":"2025-08-05T07:02:13","slug":"protecting-cape-2-loikus-ja-varvilina","status":"publish","type":"product","link":"https:\/\/saxsim.ee\/swp\/product\/protecting-cape-2-loikus-ja-varvilina\/","title":{"rendered":"Protecting Cape 2 &#8211; l\u00f5ikus- ja v\u00e4rvilina"},"content":{"rendered":"<p>Kahest erinevast materjalist ( \u00fclemine osa &#8211;\u00a0pol\u00fcuretaanist kattega, alumine osa &#8211;\u00a0100% nailon ) koosnev\u00a0l\u00f5ikus- ja v\u00e4rvilina.<\/p>\n<p>Suurus &#8211; 135*150 cm.<\/p>\n<p>Kinnitus &#8211; haakidega<\/p>\n<p>Kaeluse max. \u00fcmberm\u00f5\u00f5t \u2013 54 cm.<\/p>\n<p>Materjal &#8211; \u00fclemine osa &#8211; veekindel, alumine osa &#8211; vetth\u00fclgav<\/p>\n<p>K\u00e4eavadega<\/p>\n<p><strong>Hooldus:<\/strong><\/p>\n<p>masinpesu madalal temperatuuril<\/p>\n<p>kuivatada soovitavalt n\u00f6\u00f6ril. Trummelkuivatus ainult madalatel p\u00f6\u00f6retel!<\/p>\n<p>pesemisel \u00e4rge kunagi kasutage vedelaid valgendusvahendeid!<\/p>\n<p>&nbsp;<\/p>\n","protected":false},"excerpt":{"rendered":"<p>Kahest erinevast materjalist ( \u00fclemine osa &#8211;\u00a0pol\u00fcuretaanist kattega, alumine osa &#8211;\u00a0100% nailon ) koosnev\u00a0l\u00f5ikus- ja v\u00e4rvilina. Suurus &#8211; 135*150 cm. Kinnitus &#8211; haakidega Kaeluse max. \u00fcmberm\u00f5\u00f5t \u2013 54 cm. Materjal &#8211; \u00fclemine osa &#8211; veekindel, alumine osa &#8211; vetth\u00fclgav K\u00e4eavadega Hooldus: masinpesu madalal temperatuuril kuivatada soovitavalt n\u00f6\u00f6ril. Trummelkuivatus ainult madalatel p\u00f6\u00f6retel! pesemisel \u00e4rge kunagi kasutage [&hellip;]<\/p>\n","protected":false},"featured_media":2091,"comment_status":"closed","ping_status":"closed","template":"","meta":[],"product_cat":[716,401,296],"product_tag":[],"class_list":{"0":"post-2090","1":"product","2":"type-product","3":"status-publish","4":"has-post-thumbnail","6":"product_cat-wako","7":"product_cat-juuksuri-tarvikud","8":"product_cat-loikus-ja-varvilinad","10":"first","11":"instock","12":"taxable","13":"shipping-taxable","14":"purchasable","15":"product-type-simple"},"_links":{"self":[{"href":"https:\/\/saxsim.ee\/swp\/wp-json\/wp\/v2\/product\/2090"}],"collection":[{"href":"https:\/\/saxsim.ee\/swp\/wp-json\/wp\/v2\/product"}],"about":[{"href":"https:\/\/saxsim.ee\/swp\/wp-json\/wp\/v2\/types\/product"}],"replies":[{"embeddable":true,"href":"https:\/\/saxsim.ee\/swp\/wp-json\/wp\/v2\/comments?post=2090"}],"wp:featuredmedia":[{"embeddable":true,"href":"https:\/\/saxsim.ee\/swp\/wp-json\/wp\/v2\/media\/2091"}],"wp:attachment":[{"href":"https:\/\/saxsim.ee\/swp\/wp-json\/wp\/v2\/media?parent=2090"}],"wp:term":[{"taxonomy":"product_cat","embeddable":true,"href":"https:\/\/saxsim.ee\/swp\/wp-json\/wp\/v2\/product_cat?post=2090"},{"taxonomy":"product_tag","embeddable":true,"href":"https:\/\/saxsim.ee\/swp\/wp-json\/wp\/v2\/product_tag?post=2090"}],"curies":[{"name":"wp","href":"https:\/\/api.w.org\/{rel}","templated":true}]}}