{"id":2059,"date":"2017-04-02T13:03:36","date_gmt":"2017-04-02T10:03:36","guid":{"rendered":"https:\/\/www.saxsim.ee\/swp\/toode\/wako-satin-cape-loikuslina\/"},"modified":"2024-01-25T09:55:56","modified_gmt":"2024-01-25T07:55:56","slug":"wako-satin-cape-black-loikuslina","status":"publish","type":"product","link":"https:\/\/saxsim.ee\/swp\/product\/wako-satin-cape-black-loikuslina\/","title":{"rendered":"Wako Satin Cape, black &#8211; l\u00f5ikuslina"},"content":{"rendered":"<p>L\u00e4ikivast kangast kvaliteetne\u00a0l\u00f5ikuslina.<\/p>\n<p>Suurus &#8211; 130*150 cm.<\/p>\n<p>Kinnitus &#8211; haakidega<\/p>\n<p>Kaeluse max. \u00fcmberm\u00f5\u00f5t \u2013 54 cm.<\/p>\n<p>Materjal &#8211; vetth\u00fclgav, 100% \u00a0nailon<\/p>\n<p>K\u00e4eavadega<\/p>\n<p><strong>Hooldus:<\/strong><\/p>\n<p>masinpesu madalal temperatuuril<\/p>\n<p>kuivatada soovitavalt n\u00f6\u00f6ril. Trummelkuivatus ainult madalatel p\u00f6\u00f6retel!<\/p>\n<p>pesemisel \u00e4rge kunagi kasutage vedelaid valgendusvahendeid!<\/p>\n<p>&nbsp;<\/p>\n","protected":false},"excerpt":{"rendered":"<p>L\u00e4ikivast kangast kvaliteetne\u00a0l\u00f5ikuslina. Suurus &#8211; 130*150 cm. Kinnitus &#8211; haakidega Kaeluse max. \u00fcmberm\u00f5\u00f5t \u2013 54 cm. Materjal &#8211; vetth\u00fclgav, 100% \u00a0nailon K\u00e4eavadega Hooldus: masinpesu madalal temperatuuril kuivatada soovitavalt n\u00f6\u00f6ril. Trummelkuivatus ainult madalatel p\u00f6\u00f6retel! pesemisel \u00e4rge kunagi kasutage vedelaid valgendusvahendeid! &nbsp;<\/p>\n","protected":false},"featured_media":2060,"comment_status":"closed","ping_status":"closed","template":"","meta":[],"product_cat":[716,401,296],"product_tag":[],"class_list":{"0":"post-2059","1":"product","2":"type-product","3":"status-publish","4":"has-post-thumbnail","6":"product_cat-wako","7":"product_cat-juuksuri-tarvikud","8":"product_cat-loikus-ja-varvilinad","10":"first","11":"instock","12":"taxable","13":"shipping-taxable","14":"purchasable","15":"product-type-simple"},"_links":{"self":[{"href":"https:\/\/saxsim.ee\/swp\/wp-json\/wp\/v2\/product\/2059"}],"collection":[{"href":"https:\/\/saxsim.ee\/swp\/wp-json\/wp\/v2\/product"}],"about":[{"href":"https:\/\/saxsim.ee\/swp\/wp-json\/wp\/v2\/types\/product"}],"replies":[{"embeddable":true,"href":"https:\/\/saxsim.ee\/swp\/wp-json\/wp\/v2\/comments?post=2059"}],"wp:featuredmedia":[{"embeddable":true,"href":"https:\/\/saxsim.ee\/swp\/wp-json\/wp\/v2\/media\/2060"}],"wp:attachment":[{"href":"https:\/\/saxsim.ee\/swp\/wp-json\/wp\/v2\/media?parent=2059"}],"wp:term":[{"taxonomy":"product_cat","embeddable":true,"href":"https:\/\/saxsim.ee\/swp\/wp-json\/wp\/v2\/product_cat?post=2059"},{"taxonomy":"product_tag","embeddable":true,"href":"https:\/\/saxsim.ee\/swp\/wp-json\/wp\/v2\/product_tag?post=2059"}],"curies":[{"name":"wp","href":"https:\/\/api.w.org\/{rel}","templated":true}]}}