{"id":2042,"date":"2017-04-02T12:12:38","date_gmt":"2017-04-02T09:12:38","guid":{"rendered":"https:\/\/www.saxsim.ee\/swp\/toode\/cutting-cape-window-loikuslina\/"},"modified":"2025-01-31T05:15:19","modified_gmt":"2025-01-31T03:15:19","slug":"cutting-cape-window-loikuslina","status":"publish","type":"product","link":"https:\/\/saxsim.ee\/swp\/product\/cutting-cape-window-loikuslina\/","title":{"rendered":"Cutting Cape, Window &#8211; l\u00f5ikuslina"},"content":{"rendered":"<p>L\u00f5ikuslinal on l\u00e4bipaistev osa, l\u00e4bi mille saab muretult j\u00e4lgida oma tegemisi nutitelefonis v\u00fci tahvlis.<\/p>\n<p>Suurus &#8211; 130*145 cm.<\/p>\n<p>Kinnitus &#8211; haakidega, elastse kaelusega<\/p>\n<p>Kaeluse max. \u00fcmberm\u00f5\u00f5t \u2013 60 cm.<\/p>\n<p>Materjal &#8211; vetth\u00fclgav, Pongee-kangastst ja l\u00e4bipaistvast plastist<\/p>\n<p>K\u00e4eavadeta<\/p>\n<p><strong>Hooldus:<\/strong><\/p>\n<p>masinpesu madalal temperatuuril<\/p>\n<p>kuivatada soovitavalt n\u00f6\u00f6ril. Trummelkuivatus ainult madalatel p\u00f6\u00f6retel!<\/p>\n<p>pesemisel \u00e4rge kunagi kasutage vedelaid valgendusvahendeid!<\/p>\n","protected":false},"excerpt":{"rendered":"<p>L\u00f5ikuslinal on l\u00e4bipaistev osa, l\u00e4bi mille saab muretult j\u00e4lgida oma tegemisi nutitelefonis v\u00fci tahvlis. Suurus &#8211; 130*145 cm. Kinnitus &#8211; haakidega, elastse kaelusega Kaeluse max. \u00fcmberm\u00f5\u00f5t \u2013 60 cm. Materjal &#8211; vetth\u00fclgav, Pongee-kangastst ja l\u00e4bipaistvast plastist K\u00e4eavadeta Hooldus: masinpesu madalal temperatuuril kuivatada soovitavalt n\u00f6\u00f6ril. Trummelkuivatus ainult madalatel p\u00f6\u00f6retel! pesemisel \u00e4rge kunagi kasutage vedelaid valgendusvahendeid!<\/p>\n","protected":false},"featured_media":2043,"comment_status":"closed","ping_status":"closed","template":"","meta":[],"product_cat":[401,296],"product_tag":[],"class_list":{"0":"post-2042","1":"product","2":"type-product","3":"status-publish","4":"has-post-thumbnail","6":"product_cat-juuksuri-tarvikud","7":"product_cat-loikus-ja-varvilinad","9":"first","10":"instock","11":"taxable","12":"shipping-taxable","13":"purchasable","14":"product-type-simple"},"_links":{"self":[{"href":"https:\/\/saxsim.ee\/swp\/wp-json\/wp\/v2\/product\/2042"}],"collection":[{"href":"https:\/\/saxsim.ee\/swp\/wp-json\/wp\/v2\/product"}],"about":[{"href":"https:\/\/saxsim.ee\/swp\/wp-json\/wp\/v2\/types\/product"}],"replies":[{"embeddable":true,"href":"https:\/\/saxsim.ee\/swp\/wp-json\/wp\/v2\/comments?post=2042"}],"wp:featuredmedia":[{"embeddable":true,"href":"https:\/\/saxsim.ee\/swp\/wp-json\/wp\/v2\/media\/2043"}],"wp:attachment":[{"href":"https:\/\/saxsim.ee\/swp\/wp-json\/wp\/v2\/media?parent=2042"}],"wp:term":[{"taxonomy":"product_cat","embeddable":true,"href":"https:\/\/saxsim.ee\/swp\/wp-json\/wp\/v2\/product_cat?post=2042"},{"taxonomy":"product_tag","embeddable":true,"href":"https:\/\/saxsim.ee\/swp\/wp-json\/wp\/v2\/product_tag?post=2042"}],"curies":[{"name":"wp","href":"https:\/\/api.w.org\/{rel}","templated":true}]}}