{"id":2019,"date":"2017-04-02T11:15:04","date_gmt":"2017-04-02T08:15:04","guid":{"rendered":"https:\/\/www.saxsim.ee\/swp\/toode\/heat-protection-glove-kuumakindel-kinnas\/"},"modified":"2022-08-04T09:18:19","modified_gmt":"2022-08-04T06:18:19","slug":"heat-protection-glove-kuumakindel-kinnas","status":"publish","type":"product","link":"https:\/\/saxsim.ee\/swp\/product\/heat-protection-glove-kuumakindel-kinnas\/","title":{"rendered":"Heat Protection Glove &#8211; kuumakindel kinnas"},"content":{"rendered":"<p>T\u00f5hus kaitsevahend koonustangide ja teiste kuumenevate t\u00f6\u00f6riistadega t\u00f6\u00f6tamisel. \u00dcks suurus sobib k\u00f5ikidele.<\/p>\n<p>&nbsp;<\/p>\n","protected":false},"excerpt":{"rendered":"<p>T\u00f5hus kaitsevahend koonustangide ja teiste kuumenevate t\u00f6\u00f6riistadega t\u00f6\u00f6tamisel. \u00dcks suurus sobib k\u00f5ikidele. &nbsp;<\/p>\n","protected":false},"featured_media":2021,"comment_status":"closed","ping_status":"closed","template":"","meta":[],"product_cat":[401,293],"product_tag":[],"class_list":{"0":"post-2019","1":"product","2":"type-product","3":"status-publish","4":"has-post-thumbnail","6":"product_cat-juuksuri-tarvikud","7":"product_cat-kindad","9":"first","10":"instock","11":"taxable","12":"shipping-taxable","13":"purchasable","14":"product-type-simple"},"_links":{"self":[{"href":"https:\/\/saxsim.ee\/swp\/wp-json\/wp\/v2\/product\/2019"}],"collection":[{"href":"https:\/\/saxsim.ee\/swp\/wp-json\/wp\/v2\/product"}],"about":[{"href":"https:\/\/saxsim.ee\/swp\/wp-json\/wp\/v2\/types\/product"}],"replies":[{"embeddable":true,"href":"https:\/\/saxsim.ee\/swp\/wp-json\/wp\/v2\/comments?post=2019"}],"wp:featuredmedia":[{"embeddable":true,"href":"https:\/\/saxsim.ee\/swp\/wp-json\/wp\/v2\/media\/2021"}],"wp:attachment":[{"href":"https:\/\/saxsim.ee\/swp\/wp-json\/wp\/v2\/media?parent=2019"}],"wp:term":[{"taxonomy":"product_cat","embeddable":true,"href":"https:\/\/saxsim.ee\/swp\/wp-json\/wp\/v2\/product_cat?post=2019"},{"taxonomy":"product_tag","embeddable":true,"href":"https:\/\/saxsim.ee\/swp\/wp-json\/wp\/v2\/product_tag?post=2019"}],"curies":[{"name":"wp","href":"https:\/\/api.w.org\/{rel}","templated":true}]}}