{"id":2018,"date":"2017-04-02T11:14:15","date_gmt":"2017-04-02T08:14:15","guid":{"rendered":"https:\/\/www.saxsim.ee\/swp\/toode\/black-touch-l-latekskindad\/"},"modified":"2025-07-10T10:33:15","modified_gmt":"2025-07-10T07:33:15","slug":"black-touch-l-latekskindad","status":"publish","type":"product","link":"https:\/\/saxsim.ee\/swp\/product\/black-touch-l-latekskindad\/","title":{"rendered":"Black Touch L &#8211; latekskindad"},"content":{"rendered":"<p>Korduvkasutusega, puudrivabad latekskindad, mis on v\u00e4ga vastupidavad keemilistele ainetele.<\/p>\n<p>NB! Toode sisaldab looduslikku lateksit, mis v\u00f5ib p\u00f5hjustada allergilisi reaktsioone.<\/p>\n<p>&nbsp;<\/p>\n","protected":false},"excerpt":{"rendered":"<p>Korduvkasutusega, puudrivabad latekskindad, mis on v\u00e4ga vastupidavad keemilistele ainetele. NB! Toode sisaldab looduslikku lateksit, mis v\u00f5ib p\u00f5hjustada allergilisi reaktsioone. &nbsp;<\/p>\n","protected":false},"featured_media":2016,"comment_status":"closed","ping_status":"closed","template":"","meta":[],"product_cat":[577,595,401,293],"product_tag":[],"class_list":{"0":"post-2018","1":"product","2":"type-product","3":"status-publish","4":"has-post-thumbnail","6":"product_cat-iluteenindaja-tarvikud","7":"product_cat-kindad-iluteenindaja-tarvikud","8":"product_cat-juuksuri-tarvikud","9":"product_cat-kindad","11":"first","12":"instock","13":"taxable","14":"shipping-taxable","15":"purchasable","16":"product-type-simple"},"_links":{"self":[{"href":"https:\/\/saxsim.ee\/swp\/wp-json\/wp\/v2\/product\/2018"}],"collection":[{"href":"https:\/\/saxsim.ee\/swp\/wp-json\/wp\/v2\/product"}],"about":[{"href":"https:\/\/saxsim.ee\/swp\/wp-json\/wp\/v2\/types\/product"}],"replies":[{"embeddable":true,"href":"https:\/\/saxsim.ee\/swp\/wp-json\/wp\/v2\/comments?post=2018"}],"wp:featuredmedia":[{"embeddable":true,"href":"https:\/\/saxsim.ee\/swp\/wp-json\/wp\/v2\/media\/2016"}],"wp:attachment":[{"href":"https:\/\/saxsim.ee\/swp\/wp-json\/wp\/v2\/media?parent=2018"}],"wp:term":[{"taxonomy":"product_cat","embeddable":true,"href":"https:\/\/saxsim.ee\/swp\/wp-json\/wp\/v2\/product_cat?post=2018"},{"taxonomy":"product_tag","embeddable":true,"href":"https:\/\/saxsim.ee\/swp\/wp-json\/wp\/v2\/product_tag?post=2018"}],"curies":[{"name":"wp","href":"https:\/\/api.w.org\/{rel}","templated":true}]}}