{"id":2009,"date":"2017-04-02T10:59:21","date_gmt":"2017-04-02T07:59:21","guid":{"rendered":"https:\/\/www.saxsim.ee\/swp\/toode\/matador-latex-glove-s7-latekskindad\/"},"modified":"2020-11-11T07:29:14","modified_gmt":"2020-11-11T05:29:14","slug":"matador-latex-glove-s7-latekskindad","status":"publish","type":"product","link":"https:\/\/saxsim.ee\/swp\/product\/matador-latex-glove-s7-latekskindad\/","title":{"rendered":"Matador Latex glove S\/7 &#8211; latekskindad"},"content":{"rendered":"<p>Korduvkasutusega, puudrivabad latekskindad, mis on v\u00e4ga vastupidavad keemilistele ainetele.<\/p>\n<p>NB! Toode sisaldab looduslikku lateksit, mis v\u00f5ib p\u00f5hjustada allergilisi reaktsioone.<\/p>\n<p>&nbsp;<\/p>\n","protected":false},"excerpt":{"rendered":"<p>Korduvkasutusega, puudrivabad latekskindad, mis on v\u00e4ga vastupidavad keemilistele ainetele. NB! Toode sisaldab looduslikku lateksit, mis v\u00f5ib p\u00f5hjustada allergilisi reaktsioone. &nbsp;<\/p>\n","protected":false},"featured_media":2010,"comment_status":"closed","ping_status":"closed","template":"","meta":[],"product_cat":[577,595,401,293],"product_tag":[],"class_list":{"0":"post-2009","1":"product","2":"type-product","3":"status-publish","4":"has-post-thumbnail","6":"product_cat-iluteenindaja-tarvikud","7":"product_cat-kindad-iluteenindaja-tarvikud","8":"product_cat-juuksuri-tarvikud","9":"product_cat-kindad","11":"first","12":"instock","13":"taxable","14":"shipping-taxable","15":"purchasable","16":"product-type-simple"},"_links":{"self":[{"href":"https:\/\/saxsim.ee\/swp\/wp-json\/wp\/v2\/product\/2009"}],"collection":[{"href":"https:\/\/saxsim.ee\/swp\/wp-json\/wp\/v2\/product"}],"about":[{"href":"https:\/\/saxsim.ee\/swp\/wp-json\/wp\/v2\/types\/product"}],"replies":[{"embeddable":true,"href":"https:\/\/saxsim.ee\/swp\/wp-json\/wp\/v2\/comments?post=2009"}],"wp:featuredmedia":[{"embeddable":true,"href":"https:\/\/saxsim.ee\/swp\/wp-json\/wp\/v2\/media\/2010"}],"wp:attachment":[{"href":"https:\/\/saxsim.ee\/swp\/wp-json\/wp\/v2\/media?parent=2009"}],"wp:term":[{"taxonomy":"product_cat","embeddable":true,"href":"https:\/\/saxsim.ee\/swp\/wp-json\/wp\/v2\/product_cat?post=2009"},{"taxonomy":"product_tag","embeddable":true,"href":"https:\/\/saxsim.ee\/swp\/wp-json\/wp\/v2\/product_tag?post=2009"}],"curies":[{"name":"wp","href":"https:\/\/api.w.org\/{rel}","templated":true}]}}