{"id":1993,"date":"2017-04-02T10:28:27","date_gmt":"2017-04-02T07:28:27","guid":{"rendered":"https:\/\/www.saxsim.ee\/swp\/toode\/semperguard-vinyl-s-powder-free-vinuulkindad\/"},"modified":"2021-03-27T21:12:33","modified_gmt":"2021-03-27T19:12:33","slug":"semperguard-vinyl-s7-powder-free-vinuulkindad","status":"publish","type":"product","link":"https:\/\/saxsim.ee\/swp\/product\/semperguard-vinyl-s7-powder-free-vinuulkindad\/","title":{"rendered":"Semperguard Vinyl S\/7, powder free &#8211; vin\u00fc\u00fclkindad"},"content":{"rendered":"<p>Puudrivabad vin\u00fc\u00fclkindad.<\/p>\n","protected":false},"excerpt":{"rendered":"<p>Puudrivabad vin\u00fc\u00fclkindad.<\/p>\n","protected":false},"featured_media":2001,"comment_status":"closed","ping_status":"closed","template":"","meta":[],"product_cat":[577,595,401,293,291],"product_tag":[],"class_list":{"0":"post-1993","1":"product","2":"type-product","3":"status-publish","4":"has-post-thumbnail","6":"product_cat-iluteenindaja-tarvikud","7":"product_cat-kindad-iluteenindaja-tarvikud","8":"product_cat-juuksuri-tarvikud","9":"product_cat-kindad","10":"product_cat-uhekordsed-tooted","12":"first","13":"instock","14":"taxable","15":"shipping-taxable","16":"purchasable","17":"product-type-simple"},"_links":{"self":[{"href":"https:\/\/saxsim.ee\/swp\/wp-json\/wp\/v2\/product\/1993"}],"collection":[{"href":"https:\/\/saxsim.ee\/swp\/wp-json\/wp\/v2\/product"}],"about":[{"href":"https:\/\/saxsim.ee\/swp\/wp-json\/wp\/v2\/types\/product"}],"replies":[{"embeddable":true,"href":"https:\/\/saxsim.ee\/swp\/wp-json\/wp\/v2\/comments?post=1993"}],"wp:featuredmedia":[{"embeddable":true,"href":"https:\/\/saxsim.ee\/swp\/wp-json\/wp\/v2\/media\/2001"}],"wp:attachment":[{"href":"https:\/\/saxsim.ee\/swp\/wp-json\/wp\/v2\/media?parent=1993"}],"wp:term":[{"taxonomy":"product_cat","embeddable":true,"href":"https:\/\/saxsim.ee\/swp\/wp-json\/wp\/v2\/product_cat?post=1993"},{"taxonomy":"product_tag","embeddable":true,"href":"https:\/\/saxsim.ee\/swp\/wp-json\/wp\/v2\/product_tag?post=1993"}],"curies":[{"name":"wp","href":"https:\/\/api.w.org\/{rel}","templated":true}]}}