{"id":1989,"date":"2017-04-01T23:23:52","date_gmt":"2017-04-01T20:23:52","guid":{"rendered":"https:\/\/www.saxsim.ee\/swp\/toode\/triangular-net-rullivork\/"},"modified":"2025-09-09T08:44:17","modified_gmt":"2025-09-09T05:44:17","slug":"triangular-net-rullivork","status":"publish","type":"product","link":"https:\/\/saxsim.ee\/swp\/product\/triangular-net-rullivork\/","title":{"rendered":"Triangular Net &#8211; rulliv\u00f5rk"},"content":{"rendered":"<p>Peenikese silmaga, universaalse suurusega, kolmnurkne rulliv\u00f5rk, mis kaitseb juukseid f\u00f6\u00f6ni all kuivatamisel.<\/p>\n<p>&nbsp;<\/p>\n","protected":false},"excerpt":{"rendered":"<p>Peenikese silmaga, universaalse suurusega, kolmnurkne rulliv\u00f5rk, mis kaitseb juukseid f\u00f6\u00f6ni all kuivatamisel. &nbsp;<\/p>\n","protected":false},"featured_media":1990,"comment_status":"closed","ping_status":"closed","template":"","meta":[],"product_cat":[401,175,342],"product_tag":[],"class_list":{"0":"post-1989","1":"product","2":"type-product","3":"status-publish","4":"has-post-thumbnail","6":"product_cat-juuksuri-tarvikud","7":"product_cat-soenguvahendid","8":"product_cat-rulli-ja-soenguvorgud","10":"first","11":"instock","12":"taxable","13":"shipping-taxable","14":"purchasable","15":"product-type-simple"},"_links":{"self":[{"href":"https:\/\/saxsim.ee\/swp\/wp-json\/wp\/v2\/product\/1989"}],"collection":[{"href":"https:\/\/saxsim.ee\/swp\/wp-json\/wp\/v2\/product"}],"about":[{"href":"https:\/\/saxsim.ee\/swp\/wp-json\/wp\/v2\/types\/product"}],"replies":[{"embeddable":true,"href":"https:\/\/saxsim.ee\/swp\/wp-json\/wp\/v2\/comments?post=1989"}],"wp:featuredmedia":[{"embeddable":true,"href":"https:\/\/saxsim.ee\/swp\/wp-json\/wp\/v2\/media\/1990"}],"wp:attachment":[{"href":"https:\/\/saxsim.ee\/swp\/wp-json\/wp\/v2\/media?parent=1989"}],"wp:term":[{"taxonomy":"product_cat","embeddable":true,"href":"https:\/\/saxsim.ee\/swp\/wp-json\/wp\/v2\/product_cat?post=1989"},{"taxonomy":"product_tag","embeddable":true,"href":"https:\/\/saxsim.ee\/swp\/wp-json\/wp\/v2\/product_tag?post=1989"}],"curies":[{"name":"wp","href":"https:\/\/api.w.org\/{rel}","templated":true}]}}