{"id":1988,"date":"2017-04-01T23:17:33","date_gmt":"2017-04-01T20:17:33","guid":{"rendered":"https:\/\/www.saxsim.ee\/swp\/toode\/perm-cap-kummiaarega-kilemuts-2\/"},"modified":"2024-03-08T07:30:00","modified_gmt":"2024-03-08T05:30:00","slug":"perm-cap-kummiaarega-kilemuts-2","status":"publish","type":"product","link":"https:\/\/saxsim.ee\/swp\/product\/perm-cap-kummiaarega-kilemuts-2\/","title":{"rendered":"Perm Cap &#8211; kummi\u00e4\u00e4rega kilem\u00fcts"},"content":{"rendered":"<p>\u00dchekordne, kummi\u00e4\u00e4rega kilem\u00fcts.<\/p>\n<p>Kogus &#8211; 1 tk.<\/p>\n<p>&nbsp;<\/p>\n","protected":false},"excerpt":{"rendered":"<p>\u00dchekordne, kummi\u00e4\u00e4rega kilem\u00fcts. Kogus &#8211; 1 tk. &nbsp;<\/p>\n","protected":false},"featured_media":1987,"comment_status":"closed","ping_status":"closed","template":"","meta":[],"product_cat":[577,583,401,288,177,291,176],"product_tag":[],"class_list":{"0":"post-1988","1":"product","2":"type-product","3":"status-publish","4":"has-post-thumbnail","6":"product_cat-iluteenindaja-tarvikud","7":"product_cat-uhekordsed-tooted-iluteenindaja-tarvikud","8":"product_cat-juuksuri-tarvikud","9":"product_cat-lokitarvikud","10":"product_cat-muud-lokitarvikud","11":"product_cat-uhekordsed-tooted","12":"product_cat-varvitarvikud","14":"first","15":"instock","16":"taxable","17":"shipping-taxable","18":"purchasable","19":"product-type-simple"},"_links":{"self":[{"href":"https:\/\/saxsim.ee\/swp\/wp-json\/wp\/v2\/product\/1988"}],"collection":[{"href":"https:\/\/saxsim.ee\/swp\/wp-json\/wp\/v2\/product"}],"about":[{"href":"https:\/\/saxsim.ee\/swp\/wp-json\/wp\/v2\/types\/product"}],"replies":[{"embeddable":true,"href":"https:\/\/saxsim.ee\/swp\/wp-json\/wp\/v2\/comments?post=1988"}],"wp:featuredmedia":[{"embeddable":true,"href":"https:\/\/saxsim.ee\/swp\/wp-json\/wp\/v2\/media\/1987"}],"wp:attachment":[{"href":"https:\/\/saxsim.ee\/swp\/wp-json\/wp\/v2\/media?parent=1988"}],"wp:term":[{"taxonomy":"product_cat","embeddable":true,"href":"https:\/\/saxsim.ee\/swp\/wp-json\/wp\/v2\/product_cat?post=1988"},{"taxonomy":"product_tag","embeddable":true,"href":"https:\/\/saxsim.ee\/swp\/wp-json\/wp\/v2\/product_tag?post=1988"}],"curies":[{"name":"wp","href":"https:\/\/api.w.org\/{rel}","templated":true}]}}