{"id":1986,"date":"2017-04-01T23:09:16","date_gmt":"2017-04-01T20:09:16","guid":{"rendered":"https:\/\/www.saxsim.ee\/swp\/toode\/perm-cap-kummiaarega-kilemuts\/"},"modified":"2025-07-10T10:18:19","modified_gmt":"2025-07-10T07:18:19","slug":"perm-cap-kummiaarega-kilemutsid","status":"publish","type":"product","link":"https:\/\/saxsim.ee\/swp\/product\/perm-cap-kummiaarega-kilemutsid\/","title":{"rendered":"Perm Cap &#8211; kummi\u00e4\u00e4rega kilem\u00fctsid"},"content":{"rendered":"<p>\u00dchekordsed, kummi\u00e4\u00e4rega kilem\u00fctsid.<\/p>\n<p>Pakis 30 tk.<\/p>\n","protected":false},"excerpt":{"rendered":"<p>\u00dchekordsed, kummi\u00e4\u00e4rega kilem\u00fctsid. Pakis 30 tk.<\/p>\n","protected":false},"featured_media":1987,"comment_status":"closed","ping_status":"closed","template":"","meta":[],"product_cat":[577,583,401,288,177,291,176],"product_tag":[],"class_list":{"0":"post-1986","1":"product","2":"type-product","3":"status-publish","4":"has-post-thumbnail","6":"product_cat-iluteenindaja-tarvikud","7":"product_cat-uhekordsed-tooted-iluteenindaja-tarvikud","8":"product_cat-juuksuri-tarvikud","9":"product_cat-lokitarvikud","10":"product_cat-muud-lokitarvikud","11":"product_cat-uhekordsed-tooted","12":"product_cat-varvitarvikud","14":"first","15":"instock","16":"taxable","17":"shipping-taxable","18":"purchasable","19":"product-type-simple"},"_links":{"self":[{"href":"https:\/\/saxsim.ee\/swp\/wp-json\/wp\/v2\/product\/1986"}],"collection":[{"href":"https:\/\/saxsim.ee\/swp\/wp-json\/wp\/v2\/product"}],"about":[{"href":"https:\/\/saxsim.ee\/swp\/wp-json\/wp\/v2\/types\/product"}],"replies":[{"embeddable":true,"href":"https:\/\/saxsim.ee\/swp\/wp-json\/wp\/v2\/comments?post=1986"}],"wp:featuredmedia":[{"embeddable":true,"href":"https:\/\/saxsim.ee\/swp\/wp-json\/wp\/v2\/media\/1987"}],"wp:attachment":[{"href":"https:\/\/saxsim.ee\/swp\/wp-json\/wp\/v2\/media?parent=1986"}],"wp:term":[{"taxonomy":"product_cat","embeddable":true,"href":"https:\/\/saxsim.ee\/swp\/wp-json\/wp\/v2\/product_cat?post=1986"},{"taxonomy":"product_tag","embeddable":true,"href":"https:\/\/saxsim.ee\/swp\/wp-json\/wp\/v2\/product_tag?post=1986"}],"curies":[{"name":"wp","href":"https:\/\/api.w.org\/{rel}","templated":true}]}}