{"id":1976,"date":"2017-04-01T22:23:05","date_gmt":"2017-04-01T19:23:05","guid":{"rendered":"https:\/\/www.saxsim.ee\/swp\/toode\/disposable-hi-lite-caps-uhekordsed-salgumutsid\/"},"modified":"2026-03-10T08:31:04","modified_gmt":"2026-03-10T06:31:04","slug":"disposable-hi-lite-caps-uhekordsed-salgumutsid","status":"publish","type":"product","link":"https:\/\/saxsim.ee\/swp\/product\/disposable-hi-lite-caps-uhekordsed-salgumutsid\/","title":{"rendered":"Disposable Hi Lite Caps &#8211; \u00fchekordsed salgum\u00fctsid"},"content":{"rendered":"<div class=\"intro\">\n<p>\u00dchekordsed kilem\u00fctsid, v\u00e4rvimiseks, triipude- v\u00f5i maskide tegemiseks.<\/p>\n<p>Pakis 30 tk.<\/p>\n<\/div>\n","protected":false},"excerpt":{"rendered":"<p>\u00dchekordsed kilem\u00fctsid, v\u00e4rvimiseks, triipude- v\u00f5i maskide tegemiseks. Pakis 30 tk.<\/p>\n","protected":false},"featured_media":1977,"comment_status":"closed","ping_status":"closed","template":"","meta":[],"product_cat":[401,290,291,176],"product_tag":[],"class_list":{"0":"post-1976","1":"product","2":"type-product","3":"status-publish","4":"has-post-thumbnail","6":"product_cat-juuksuri-tarvikud","7":"product_cat-salgumutsid","8":"product_cat-uhekordsed-tooted","9":"product_cat-varvitarvikud","11":"first","12":"instock","13":"taxable","14":"shipping-taxable","15":"purchasable","16":"product-type-simple"},"_links":{"self":[{"href":"https:\/\/saxsim.ee\/swp\/wp-json\/wp\/v2\/product\/1976"}],"collection":[{"href":"https:\/\/saxsim.ee\/swp\/wp-json\/wp\/v2\/product"}],"about":[{"href":"https:\/\/saxsim.ee\/swp\/wp-json\/wp\/v2\/types\/product"}],"replies":[{"embeddable":true,"href":"https:\/\/saxsim.ee\/swp\/wp-json\/wp\/v2\/comments?post=1976"}],"wp:featuredmedia":[{"embeddable":true,"href":"https:\/\/saxsim.ee\/swp\/wp-json\/wp\/v2\/media\/1977"}],"wp:attachment":[{"href":"https:\/\/saxsim.ee\/swp\/wp-json\/wp\/v2\/media?parent=1976"}],"wp:term":[{"taxonomy":"product_cat","embeddable":true,"href":"https:\/\/saxsim.ee\/swp\/wp-json\/wp\/v2\/product_cat?post=1976"},{"taxonomy":"product_tag","embeddable":true,"href":"https:\/\/saxsim.ee\/swp\/wp-json\/wp\/v2\/product_tag?post=1976"}],"curies":[{"name":"wp","href":"https:\/\/api.w.org\/{rel}","templated":true}]}}