{"id":1924,"date":"2017-04-01T20:10:34","date_gmt":"2017-04-01T17:10:34","guid":{"rendered":"https:\/\/www.saxsim.ee\/swp\/toode\/tunnel-brush-antistatic-juuksehari\/"},"modified":"2025-10-01T12:15:44","modified_gmt":"2025-10-01T09:15:44","slug":"tunnel-brush-antistatic-juuksehari","status":"publish","type":"product","link":"https:\/\/saxsim.ee\/swp\/product\/tunnel-brush-antistatic-juuksehari\/","title":{"rendered":"Tunnel Brush, antistatic &#8211; juuksehari"},"content":{"rendered":"<p>\u00dchepoolne antistaatiline f\u00f6\u00f6nihari.<\/p>\n<p>&nbsp;<\/p>\n","protected":false},"excerpt":{"rendered":"<p>\u00dchepoolne antistaatiline f\u00f6\u00f6nihari. &nbsp;<\/p>\n","protected":false},"featured_media":1925,"comment_status":"closed","ping_status":"closed","template":"","meta":[],"product_cat":[401,172,397],"product_tag":[],"class_list":{"0":"post-1924","1":"product","2":"type-product","3":"status-publish","4":"has-post-thumbnail","6":"product_cat-juuksuri-tarvikud","7":"product_cat-juukseharjad","8":"product_cat-lapikud-juukseharjad","10":"first","11":"instock","12":"taxable","13":"shipping-taxable","14":"purchasable","15":"product-type-simple"},"_links":{"self":[{"href":"https:\/\/saxsim.ee\/swp\/wp-json\/wp\/v2\/product\/1924"}],"collection":[{"href":"https:\/\/saxsim.ee\/swp\/wp-json\/wp\/v2\/product"}],"about":[{"href":"https:\/\/saxsim.ee\/swp\/wp-json\/wp\/v2\/types\/product"}],"replies":[{"embeddable":true,"href":"https:\/\/saxsim.ee\/swp\/wp-json\/wp\/v2\/comments?post=1924"}],"wp:featuredmedia":[{"embeddable":true,"href":"https:\/\/saxsim.ee\/swp\/wp-json\/wp\/v2\/media\/1925"}],"wp:attachment":[{"href":"https:\/\/saxsim.ee\/swp\/wp-json\/wp\/v2\/media?parent=1924"}],"wp:term":[{"taxonomy":"product_cat","embeddable":true,"href":"https:\/\/saxsim.ee\/swp\/wp-json\/wp\/v2\/product_cat?post=1924"},{"taxonomy":"product_tag","embeddable":true,"href":"https:\/\/saxsim.ee\/swp\/wp-json\/wp\/v2\/product_tag?post=1924"}],"curies":[{"name":"wp","href":"https:\/\/api.w.org\/{rel}","templated":true}]}}