{"id":1917,"date":"2017-03-28T21:26:36","date_gmt":"2017-03-28T18:26:36","guid":{"rendered":"https:\/\/www.saxsim.ee\/swp\/toode\/olivia-garden-on-the-go-smooth-style-juuksehari\/"},"modified":"2025-09-11T09:24:53","modified_gmt":"2025-09-11T06:24:53","slug":"olivia-garden-on-the-go-smooth-style-juuksehari","status":"publish","type":"product","link":"https:\/\/saxsim.ee\/swp\/product\/olivia-garden-on-the-go-smooth-style-juuksehari\/","title":{"rendered":"Olivia Garden On the Go Smooth &amp; Style &#8211; juuksehari"},"content":{"rendered":"<p>Ioonidega laetud nailon- ja 100% metsseaharjastega t\u00e4issuuruses f\u00f6\u00f6nihari, mida on v\u00f5imalik kokku klappida. \u00a0OG juukseharjal on spetsiaalne kumer disain ja ergonoomiline k\u00e4epide, mille sisek\u00fcljel on\u00a0pisikene peegel. Sobib ideaalselt reisile kaasav\u00f5tmiseks.<\/p>\n","protected":false},"excerpt":{"rendered":"<p>Ioonidega laetud nailon- ja 100% metsseaharjastega t\u00e4issuuruses f\u00f6\u00f6nihari, mida on v\u00f5imalik kokku klappida. \u00a0OG juukseharjal on spetsiaalne kumer disain ja ergonoomiline k\u00e4epide, mille sisek\u00fcljel on\u00a0pisikene peegel. Sobib ideaalselt reisile kaasav\u00f5tmiseks.<\/p>\n","protected":false},"featured_media":1919,"comment_status":"closed","ping_status":"closed","template":"","meta":[],"product_cat":[722,401,172,397,284],"product_tag":[],"class_list":{"0":"post-1917","1":"product","2":"type-product","3":"status-publish","4":"has-post-thumbnail","6":"product_cat-olivia-garden","7":"product_cat-juuksuri-tarvikud","8":"product_cat-juukseharjad","9":"product_cat-lapikud-juukseharjad","10":"product_cat-reisimiseks","12":"first","13":"instock","14":"taxable","15":"shipping-taxable","16":"purchasable","17":"product-type-simple"},"_links":{"self":[{"href":"https:\/\/saxsim.ee\/swp\/wp-json\/wp\/v2\/product\/1917"}],"collection":[{"href":"https:\/\/saxsim.ee\/swp\/wp-json\/wp\/v2\/product"}],"about":[{"href":"https:\/\/saxsim.ee\/swp\/wp-json\/wp\/v2\/types\/product"}],"replies":[{"embeddable":true,"href":"https:\/\/saxsim.ee\/swp\/wp-json\/wp\/v2\/comments?post=1917"}],"wp:featuredmedia":[{"embeddable":true,"href":"https:\/\/saxsim.ee\/swp\/wp-json\/wp\/v2\/media\/1919"}],"wp:attachment":[{"href":"https:\/\/saxsim.ee\/swp\/wp-json\/wp\/v2\/media?parent=1917"}],"wp:term":[{"taxonomy":"product_cat","embeddable":true,"href":"https:\/\/saxsim.ee\/swp\/wp-json\/wp\/v2\/product_cat?post=1917"},{"taxonomy":"product_tag","embeddable":true,"href":"https:\/\/saxsim.ee\/swp\/wp-json\/wp\/v2\/product_tag?post=1917"}],"curies":[{"name":"wp","href":"https:\/\/api.w.org\/{rel}","templated":true}]}}