{"id":1777,"date":"2017-03-26T16:50:39","date_gmt":"2017-03-26T13:50:39","guid":{"rendered":"https:\/\/www.saxsim.ee\/swp\/toode\/oster-mx-pro-loikusmasin\/"},"modified":"2024-01-10T11:07:35","modified_gmt":"2024-01-10T09:07:35","slug":"oster-mx-pro-loikusmasin","status":"publish","type":"product","link":"https:\/\/saxsim.ee\/swp\/product\/oster-mx-pro-loikusmasin\/","title":{"rendered":"Oster MX Pro &#8211; l\u00f5ikusmasin"},"content":{"rendered":"<p class=\"fn\">OSTER MX Pro on mitmeotstarbeline, \u00a0suure kiirusega, \u00a0reguleeritav teraga, juhtmega juuksel\u00f5ikusmasin.\u00a0V\u00f5imas, \u00a0kahe magnetiga mootor teeb 6000 l\u00f6\u00f6ki minutis ja on piisavalt tugev, et l\u00f5igata l\u00e4bi m\u00e4rgadest \u00a0v\u00f5i kuivadest \u00a0juustest. Kergesti reguleeritava teraga on ideaalne l\u00f5igata erinevaid juuksepikkusi ja stiile.<\/p>\n<p class=\"fn\"><strong>Tehnilised andmed:<\/strong><\/p>\n<p>v\u00f5imas, 2 magnetiga mootor<\/p>\n<p>ergonoomilne kuju<\/p>\n<p>kaal &#8211; 450 g.<\/p>\n<p>juhe &#8211; 2,4 m.<\/p>\n<p><strong>Komplektis:<\/strong><\/p>\n<p>1 Oster MX Pro tera ( 0,5 &#8211; 2,4 mm. )<\/p>\n<p>4\u00a0pikendustalda ( 3,0 mm. \/ 6,0 mm. \/ 9,0 mm. \/ 12,0 mm. )<\/p>\n<p>masina\u00f5li<\/p>\n<p>puhastushari<\/p>\n<p>l\u00f5iketera kaitse<\/p>\n<h1 class=\"fn\"><\/h1>\n","protected":false},"excerpt":{"rendered":"<p>OSTER MX Pro on mitmeotstarbeline, \u00a0suure kiirusega, \u00a0reguleeritav teraga, juhtmega juuksel\u00f5ikusmasin.\u00a0V\u00f5imas, \u00a0kahe magnetiga mootor teeb 6000 l\u00f6\u00f6ki minutis ja on piisavalt tugev, et l\u00f5igata l\u00e4bi m\u00e4rgadest \u00a0v\u00f5i kuivadest \u00a0juustest. Kergesti reguleeritava teraga on ideaalne l\u00f5igata erinevaid juuksepikkusi ja stiile. Tehnilised andmed: v\u00f5imas, 2 magnetiga mootor ergonoomilne kuju kaal &#8211; 450 g. juhe &#8211; 2,4 m. [&hellip;]<\/p>\n","protected":false},"featured_media":3160,"comment_status":"closed","ping_status":"closed","template":"","meta":[],"product_cat":[670,401,280,286],"product_tag":[],"class_list":{"0":"post-1777","1":"product","2":"type-product","3":"status-publish","4":"has-post-thumbnail","6":"product_cat-oster","7":"product_cat-juuksuri-tarvikud","8":"product_cat-elektrilised-toovahendid","9":"product_cat-loikusmasinad-ja-trimmerid","11":"first","12":"instock","13":"taxable","14":"shipping-taxable","15":"purchasable","16":"product-type-simple"},"_links":{"self":[{"href":"https:\/\/saxsim.ee\/swp\/wp-json\/wp\/v2\/product\/1777"}],"collection":[{"href":"https:\/\/saxsim.ee\/swp\/wp-json\/wp\/v2\/product"}],"about":[{"href":"https:\/\/saxsim.ee\/swp\/wp-json\/wp\/v2\/types\/product"}],"replies":[{"embeddable":true,"href":"https:\/\/saxsim.ee\/swp\/wp-json\/wp\/v2\/comments?post=1777"}],"wp:featuredmedia":[{"embeddable":true,"href":"https:\/\/saxsim.ee\/swp\/wp-json\/wp\/v2\/media\/3160"}],"wp:attachment":[{"href":"https:\/\/saxsim.ee\/swp\/wp-json\/wp\/v2\/media?parent=1777"}],"wp:term":[{"taxonomy":"product_cat","embeddable":true,"href":"https:\/\/saxsim.ee\/swp\/wp-json\/wp\/v2\/product_cat?post=1777"},{"taxonomy":"product_tag","embeddable":true,"href":"https:\/\/saxsim.ee\/swp\/wp-json\/wp\/v2\/product_tag?post=1777"}],"curies":[{"name":"wp","href":"https:\/\/api.w.org\/{rel}","templated":true}]}}