{"id":1774,"date":"2017-03-26T16:44:00","date_gmt":"2017-03-26T13:44:00","guid":{"rendered":"https:\/\/www.saxsim.ee\/swp\/toode\/oster-616-loikusmasin\/"},"modified":"2024-01-10T10:48:28","modified_gmt":"2024-01-10T08:48:28","slug":"oster-616-loikusmasin","status":"publish","type":"product","link":"https:\/\/saxsim.ee\/swp\/product\/oster-616-loikusmasin\/","title":{"rendered":"Oster 616 &#8211; l\u00f5ikusmasin"},"content":{"rendered":"<p>Kompaktne, v\u00f5imas,\u00a0juhtmega, vahetatavate l\u00f5ikusteradega juuksel\u00f5ikusmasin.<\/p>\n<p><strong>Tehnilised andmed:<\/strong><\/p>\n<p>v\u00f5imas pivot-mootor<\/p>\n<p>kaal &#8211; 430 g.<\/p>\n<p>juhe &#8211; 3,0 m.<\/p>\n<p><strong>Komplektis:<\/strong><\/p>\n<p>2 Oster 616 tera ( 0,10 mm. ja 3,0 mm. )<\/p>\n<p>masina\u00f5li<\/p>\n<p>puhastushari<\/p>\n<p>l\u00f5iketera kaitse<\/p>\n<p>&nbsp;<\/p>\n","protected":false},"excerpt":{"rendered":"<p>Kompaktne, v\u00f5imas,\u00a0juhtmega, vahetatavate l\u00f5ikusteradega juuksel\u00f5ikusmasin. Tehnilised andmed: v\u00f5imas pivot-mootor kaal &#8211; 430 g. juhe &#8211; 3,0 m. Komplektis: 2 Oster 616 tera ( 0,10 mm. ja 3,0 mm. ) masina\u00f5li puhastushari l\u00f5iketera kaitse &nbsp;<\/p>\n","protected":false},"featured_media":1776,"comment_status":"closed","ping_status":"closed","template":"","meta":[],"product_cat":[670,401,280,286],"product_tag":[],"class_list":{"0":"post-1774","1":"product","2":"type-product","3":"status-publish","4":"has-post-thumbnail","6":"product_cat-oster","7":"product_cat-juuksuri-tarvikud","8":"product_cat-elektrilised-toovahendid","9":"product_cat-loikusmasinad-ja-trimmerid","11":"first","12":"instock","13":"taxable","14":"shipping-taxable","15":"purchasable","16":"product-type-simple"},"_links":{"self":[{"href":"https:\/\/saxsim.ee\/swp\/wp-json\/wp\/v2\/product\/1774"}],"collection":[{"href":"https:\/\/saxsim.ee\/swp\/wp-json\/wp\/v2\/product"}],"about":[{"href":"https:\/\/saxsim.ee\/swp\/wp-json\/wp\/v2\/types\/product"}],"replies":[{"embeddable":true,"href":"https:\/\/saxsim.ee\/swp\/wp-json\/wp\/v2\/comments?post=1774"}],"wp:featuredmedia":[{"embeddable":true,"href":"https:\/\/saxsim.ee\/swp\/wp-json\/wp\/v2\/media\/1776"}],"wp:attachment":[{"href":"https:\/\/saxsim.ee\/swp\/wp-json\/wp\/v2\/media?parent=1774"}],"wp:term":[{"taxonomy":"product_cat","embeddable":true,"href":"https:\/\/saxsim.ee\/swp\/wp-json\/wp\/v2\/product_cat?post=1774"},{"taxonomy":"product_tag","embeddable":true,"href":"https:\/\/saxsim.ee\/swp\/wp-json\/wp\/v2\/product_tag?post=1774"}],"curies":[{"name":"wp","href":"https:\/\/api.w.org\/{rel}","templated":true}]}}