{"id":1772,"date":"2017-03-26T16:34:05","date_gmt":"2017-03-26T13:34:05","guid":{"rendered":"https:\/\/www.saxsim.ee\/swp\/toode\/oster-606-pro-power-loikusmasin\/"},"modified":"2024-01-10T10:49:21","modified_gmt":"2024-01-10T08:49:21","slug":"oster-606-pro-power-loikusmasin","status":"publish","type":"product","link":"https:\/\/saxsim.ee\/swp\/product\/oster-606-pro-power-loikusmasin\/","title":{"rendered":"Oster 606 Pro Power &#8211; l\u00f5ikusmasin"},"content":{"rendered":"<p>Kompaktne, v\u00f5imas,\u00a0juhtmega, reguleeritava l\u00f5ikusteraga juuksel\u00f5ikusmasin.<\/p>\n<p><strong>Tehnilised andmed:<\/strong><\/p>\n<p>v\u00f5imas pivot-mootor<\/p>\n<p>kaal &#8211; 415 g.<\/p>\n<p>juhe &#8211; 3,0 m.<\/p>\n<p><strong>Komplektis:<\/strong><\/p>\n<p>1 Oster 606 Pro Power tera ( 0,5 &#8211; 2,4 mm. )<\/p>\n<p>4 pikendustalda ( 1,5 mm. \/ 6,3 mm. \/ 9,5 mm. \/ 12,7 mm. )<\/p>\n<p>masina\u00f5li<\/p>\n<p>puhastushari<\/p>\n<p>l\u00f5iketera kaitse<\/p>\n<p>&nbsp;<\/p>\n","protected":false},"excerpt":{"rendered":"<p>Kompaktne, v\u00f5imas,\u00a0juhtmega, reguleeritava l\u00f5ikusteraga juuksel\u00f5ikusmasin. Tehnilised andmed: v\u00f5imas pivot-mootor kaal &#8211; 415 g. juhe &#8211; 3,0 m. Komplektis: 1 Oster 606 Pro Power tera ( 0,5 &#8211; 2,4 mm. ) 4 pikendustalda ( 1,5 mm. \/ 6,3 mm. \/ 9,5 mm. \/ 12,7 mm. ) masina\u00f5li puhastushari l\u00f5iketera kaitse &nbsp;<\/p>\n","protected":false},"featured_media":1773,"comment_status":"closed","ping_status":"closed","template":"","meta":[],"product_cat":[670,401,280,286],"product_tag":[],"class_list":{"0":"post-1772","1":"product","2":"type-product","3":"status-publish","4":"has-post-thumbnail","6":"product_cat-oster","7":"product_cat-juuksuri-tarvikud","8":"product_cat-elektrilised-toovahendid","9":"product_cat-loikusmasinad-ja-trimmerid","11":"first","12":"instock","13":"taxable","14":"shipping-taxable","15":"purchasable","16":"product-type-simple"},"_links":{"self":[{"href":"https:\/\/saxsim.ee\/swp\/wp-json\/wp\/v2\/product\/1772"}],"collection":[{"href":"https:\/\/saxsim.ee\/swp\/wp-json\/wp\/v2\/product"}],"about":[{"href":"https:\/\/saxsim.ee\/swp\/wp-json\/wp\/v2\/types\/product"}],"replies":[{"embeddable":true,"href":"https:\/\/saxsim.ee\/swp\/wp-json\/wp\/v2\/comments?post=1772"}],"wp:featuredmedia":[{"embeddable":true,"href":"https:\/\/saxsim.ee\/swp\/wp-json\/wp\/v2\/media\/1773"}],"wp:attachment":[{"href":"https:\/\/saxsim.ee\/swp\/wp-json\/wp\/v2\/media?parent=1772"}],"wp:term":[{"taxonomy":"product_cat","embeddable":true,"href":"https:\/\/saxsim.ee\/swp\/wp-json\/wp\/v2\/product_cat?post=1772"},{"taxonomy":"product_tag","embeddable":true,"href":"https:\/\/saxsim.ee\/swp\/wp-json\/wp\/v2\/product_tag?post=1772"}],"curies":[{"name":"wp","href":"https:\/\/api.w.org\/{rel}","templated":true}]}}