{"id":1770,"date":"2017-03-26T16:16:50","date_gmt":"2017-03-26T13:16:50","guid":{"rendered":"https:\/\/www.saxsim.ee\/swp\/toode\/oster-model-97-loikusmasin\/"},"modified":"2024-01-10T10:43:50","modified_gmt":"2024-01-10T08:43:50","slug":"oster-model-97-loikusmasin","status":"publish","type":"product","link":"https:\/\/saxsim.ee\/swp\/product\/oster-model-97-loikusmasin\/","title":{"rendered":"Oster Model 97 &#8211; l\u00f5ikusmasin"},"content":{"rendered":"<p>V\u00f5imas,\u00a0juhtmega, vahetatavate l\u00f5ikusteradega juuksel\u00f5ikusmasin.<\/p>\n<p><strong>Tehnilised andmed:<\/strong><\/p>\n<p>v\u00f5imas rootor mootor<\/p>\n<p>2100 p\u00f6\u00f6ret min.<\/p>\n<p>kavandatud pikaajaliseks kasutamiseks<\/p>\n<p>kaal &#8211; 495 g.<\/p>\n<p>juhe &#8211; 3,3 m.<\/p>\n<p>puhastamiseks eemaldatav filter<\/p>\n<p><strong>Komplektis:<\/strong><\/p>\n<p>1 Oster 97 tera 0000 ( 0,25 mm. )<\/p>\n<p>masina\u00f5li<\/p>\n<p>masinam\u00e4\u00e4re<\/p>\n<p>puhastushari<\/p>\n<p>l\u00f5iketera kaitse<\/p>\n<p>mootoriharjad<\/p>\n<p>NB! Teise k\u00f5rgusega l\u00f5ikusterasi ( 0,20 &#8211; 13,0 mm. ) saab eraldi juurde osta.<\/p>\n<p>&nbsp;<\/p>\n<p>&nbsp;<\/p>\n<p>&nbsp;<\/p>\n<p>&nbsp;<\/p>\n","protected":false},"excerpt":{"rendered":"<p>V\u00f5imas,\u00a0juhtmega, vahetatavate l\u00f5ikusteradega juuksel\u00f5ikusmasin. Tehnilised andmed: v\u00f5imas rootor mootor 2100 p\u00f6\u00f6ret min. kavandatud pikaajaliseks kasutamiseks kaal &#8211; 495 g. juhe &#8211; 3,3 m. puhastamiseks eemaldatav filter Komplektis: 1 Oster 97 tera 0000 ( 0,25 mm. ) masina\u00f5li masinam\u00e4\u00e4re puhastushari l\u00f5iketera kaitse mootoriharjad NB! Teise k\u00f5rgusega l\u00f5ikusterasi ( 0,20 &#8211; 13,0 mm. ) saab eraldi juurde [&hellip;]<\/p>\n","protected":false},"featured_media":1771,"comment_status":"closed","ping_status":"closed","template":"","meta":[],"product_cat":[670,401,280,286],"product_tag":[],"class_list":{"0":"post-1770","1":"product","2":"type-product","3":"status-publish","4":"has-post-thumbnail","6":"product_cat-oster","7":"product_cat-juuksuri-tarvikud","8":"product_cat-elektrilised-toovahendid","9":"product_cat-loikusmasinad-ja-trimmerid","11":"first","12":"instock","13":"taxable","14":"shipping-taxable","15":"purchasable","16":"product-type-simple"},"_links":{"self":[{"href":"https:\/\/saxsim.ee\/swp\/wp-json\/wp\/v2\/product\/1770"}],"collection":[{"href":"https:\/\/saxsim.ee\/swp\/wp-json\/wp\/v2\/product"}],"about":[{"href":"https:\/\/saxsim.ee\/swp\/wp-json\/wp\/v2\/types\/product"}],"replies":[{"embeddable":true,"href":"https:\/\/saxsim.ee\/swp\/wp-json\/wp\/v2\/comments?post=1770"}],"wp:featuredmedia":[{"embeddable":true,"href":"https:\/\/saxsim.ee\/swp\/wp-json\/wp\/v2\/media\/1771"}],"wp:attachment":[{"href":"https:\/\/saxsim.ee\/swp\/wp-json\/wp\/v2\/media?parent=1770"}],"wp:term":[{"taxonomy":"product_cat","embeddable":true,"href":"https:\/\/saxsim.ee\/swp\/wp-json\/wp\/v2\/product_cat?post=1770"},{"taxonomy":"product_tag","embeddable":true,"href":"https:\/\/saxsim.ee\/swp\/wp-json\/wp\/v2\/product_tag?post=1770"}],"curies":[{"name":"wp","href":"https:\/\/api.w.org\/{rel}","templated":true}]}}