{"id":1768,"date":"2017-03-24T20:46:53","date_gmt":"2017-03-24T18:46:53","guid":{"rendered":"https:\/\/www.saxsim.ee\/swp\/toode\/oster-c200-ion-loikusmasin\/"},"modified":"2024-01-10T11:08:24","modified_gmt":"2024-01-10T09:08:24","slug":"oster-c200-ion-loikusmasin","status":"publish","type":"product","link":"https:\/\/saxsim.ee\/swp\/product\/oster-c200-ion-loikusmasin\/","title":{"rendered":"Oster C200 Ion &#8211; l\u00f5ikusmasin"},"content":{"rendered":"<p>V\u00f5imas,\u00a0juhtmega\/juhtmeta, C200 teras\u00fcsteemiga juuksel\u00f5ikusmasin.<\/p>\n<p><strong>Tehnilised andmed:<\/strong><\/p>\n<p>Li-Ion aku<\/p>\n<p>4800 p\u00f6\u00f6ret min.<\/p>\n<p>akutoitel t\u00f6\u00f6tab &#8211; 120 min.<br \/>\naku laadimisaeg &#8211; 60 min.<\/p>\n<p>l\u00f5iketera k\u00f5rguse reguleerimine (0,5 &#8211; 2,4 mm.)<\/p>\n<p>kaal &#8211; 275 g.<\/p>\n<p>juhe &#8211; 3 m.<\/p>\n<p>kummiga kaetud, ergonoomiline korpus<\/p>\n<p>indikaatortuled\u00a0aku laetusastme kuvamiseks<br \/>\ntera \u00f5litamise m\u00e4rgutuli<\/p>\n<p><strong>Komplektis:<\/strong><\/p>\n<p>1 Oster C200 ION\u00a0tera ( laius &#8211; 46 mm. )<\/p>\n<p>6 erinevat l\u00f5ikustalda ( 1,5 &#8211; 19 mm. )<br \/>\nlaadimisalus koos juhtmega<br \/>\npuhastushari<br \/>\nmasina\u00f5li<\/p>\n","protected":false},"excerpt":{"rendered":"<p>V\u00f5imas,\u00a0juhtmega\/juhtmeta, C200 teras\u00fcsteemiga juuksel\u00f5ikusmasin. Tehnilised andmed: Li-Ion aku 4800 p\u00f6\u00f6ret min. akutoitel t\u00f6\u00f6tab &#8211; 120 min. aku laadimisaeg &#8211; 60 min. l\u00f5iketera k\u00f5rguse reguleerimine (0,5 &#8211; 2,4 mm.) kaal &#8211; 275 g. juhe &#8211; 3 m. kummiga kaetud, ergonoomiline korpus indikaatortuled\u00a0aku laetusastme kuvamiseks tera \u00f5litamise m\u00e4rgutuli Komplektis: 1 Oster C200 ION\u00a0tera ( laius &#8211; 46 [&hellip;]<\/p>\n","protected":false},"featured_media":1769,"comment_status":"closed","ping_status":"closed","template":"","meta":[],"product_cat":[670,401,280,286],"product_tag":[],"class_list":{"0":"post-1768","1":"product","2":"type-product","3":"status-publish","4":"has-post-thumbnail","6":"product_cat-oster","7":"product_cat-juuksuri-tarvikud","8":"product_cat-elektrilised-toovahendid","9":"product_cat-loikusmasinad-ja-trimmerid","11":"first","12":"instock","13":"taxable","14":"shipping-taxable","15":"purchasable","16":"product-type-simple"},"_links":{"self":[{"href":"https:\/\/saxsim.ee\/swp\/wp-json\/wp\/v2\/product\/1768"}],"collection":[{"href":"https:\/\/saxsim.ee\/swp\/wp-json\/wp\/v2\/product"}],"about":[{"href":"https:\/\/saxsim.ee\/swp\/wp-json\/wp\/v2\/types\/product"}],"replies":[{"embeddable":true,"href":"https:\/\/saxsim.ee\/swp\/wp-json\/wp\/v2\/comments?post=1768"}],"wp:featuredmedia":[{"embeddable":true,"href":"https:\/\/saxsim.ee\/swp\/wp-json\/wp\/v2\/media\/1769"}],"wp:attachment":[{"href":"https:\/\/saxsim.ee\/swp\/wp-json\/wp\/v2\/media?parent=1768"}],"wp:term":[{"taxonomy":"product_cat","embeddable":true,"href":"https:\/\/saxsim.ee\/swp\/wp-json\/wp\/v2\/product_cat?post=1768"},{"taxonomy":"product_tag","embeddable":true,"href":"https:\/\/saxsim.ee\/swp\/wp-json\/wp\/v2\/product_tag?post=1768"}],"curies":[{"name":"wp","href":"https:\/\/api.w.org\/{rel}","templated":true}]}}