{"id":1761,"date":"2017-03-23T22:36:45","date_gmt":"2017-03-23T20:36:45","guid":{"rendered":"https:\/\/www.saxsim.ee\/swp\/toode\/universal-diffuser-reguleeritav\/"},"modified":"2024-01-08T12:40:54","modified_gmt":"2024-01-08T10:40:54","slug":"universal-diffuser-reguleeritav","status":"publish","type":"product","link":"https:\/\/saxsim.ee\/swp\/product\/universal-diffuser-reguleeritav\/","title":{"rendered":"Universal Diffuser &#8211; reguleeritav difuusor"},"content":{"rendered":"<p>Universaalne difuusor, reguleeritava \u00f5huvooga, mis sobib paljudele k\u00e4sif\u00f6\u00f6nidele.<\/p>\n<p>&nbsp;<\/p>\n","protected":false},"excerpt":{"rendered":"<p>Universaalne difuusor, reguleeritava \u00f5huvooga, mis sobib paljudele k\u00e4sif\u00f6\u00f6nidele. &nbsp;<\/p>\n","protected":false},"featured_media":1762,"comment_status":"closed","ping_status":"closed","template":"","meta":[],"product_cat":[401,285],"product_tag":[],"class_list":{"0":"post-1761","1":"product","2":"type-product","3":"status-publish","4":"has-post-thumbnail","6":"product_cat-juuksuri-tarvikud","7":"product_cat-kasifoonid","9":"first","10":"instock","11":"taxable","12":"shipping-taxable","13":"purchasable","14":"product-type-simple"},"_links":{"self":[{"href":"https:\/\/saxsim.ee\/swp\/wp-json\/wp\/v2\/product\/1761"}],"collection":[{"href":"https:\/\/saxsim.ee\/swp\/wp-json\/wp\/v2\/product"}],"about":[{"href":"https:\/\/saxsim.ee\/swp\/wp-json\/wp\/v2\/types\/product"}],"replies":[{"embeddable":true,"href":"https:\/\/saxsim.ee\/swp\/wp-json\/wp\/v2\/comments?post=1761"}],"wp:featuredmedia":[{"embeddable":true,"href":"https:\/\/saxsim.ee\/swp\/wp-json\/wp\/v2\/media\/1762"}],"wp:attachment":[{"href":"https:\/\/saxsim.ee\/swp\/wp-json\/wp\/v2\/media?parent=1761"}],"wp:term":[{"taxonomy":"product_cat","embeddable":true,"href":"https:\/\/saxsim.ee\/swp\/wp-json\/wp\/v2\/product_cat?post=1761"},{"taxonomy":"product_tag","embeddable":true,"href":"https:\/\/saxsim.ee\/swp\/wp-json\/wp\/v2\/product_tag?post=1761"}],"curies":[{"name":"wp","href":"https:\/\/api.w.org\/{rel}","templated":true}]}}