{"id":1760,"date":"2017-03-23T22:31:10","date_gmt":"2017-03-23T20:31:10","guid":{"rendered":"https:\/\/www.saxsim.ee\/swp\/toode\/cera-ultralight-kasifoon-koopia\/"},"modified":"2024-01-25T09:36:14","modified_gmt":"2024-01-25T07:36:14","slug":"mini-dryer-turbo-kasifoon-2","status":"publish","type":"product","link":"https:\/\/saxsim.ee\/swp\/product\/mini-dryer-turbo-kasifoon-2\/","title":{"rendered":"Mini Dryer Turbo &#8211; k\u00e4sif\u00f6\u00f6n"},"content":{"rendered":"<p>Minif\u00f6\u00f6n reisile v\u00f5i j\u00f5usaali kaasav\u00f5tmiseks.<\/p>\n<p><strong>Tehnilised andmed:<\/strong><\/p>\n<p>1000 W<br \/>\n2 kiirust<br \/>\n2 kuumusastet<br \/>\nk\u00fclma \u00f5huvoo nupp<br \/>\nkaal &#8211; 200 g<br \/>\njuhe &#8211; 2,8 m<br \/>\n1 \u00f5husuunaja<\/p>\n<p>1 difuusor<\/p>\n<p>Tootja:<\/p>\n<p>&nbsp;<\/p>\n","protected":false},"excerpt":{"rendered":"<p>Minif\u00f6\u00f6n reisile v\u00f5i j\u00f5usaali kaasav\u00f5tmiseks. Tehnilised andmed: 1000 W 2 kiirust 2 kuumusastet k\u00fclma \u00f5huvoo nupp kaal &#8211; 200 g juhe &#8211; 2,8 m 1 \u00f5husuunaja 1 difuusor Tootja: &nbsp;<\/p>\n","protected":false},"featured_media":1757,"comment_status":"closed","ping_status":"closed","template":"","meta":[],"product_cat":[401,280,285,284],"product_tag":[],"class_list":{"0":"post-1760","1":"product","2":"type-product","3":"status-publish","4":"has-post-thumbnail","6":"product_cat-juuksuri-tarvikud","7":"product_cat-elektrilised-toovahendid","8":"product_cat-kasifoonid","9":"product_cat-reisimiseks","11":"first","12":"instock","13":"taxable","14":"shipping-taxable","15":"purchasable","16":"product-type-simple"},"_links":{"self":[{"href":"https:\/\/saxsim.ee\/swp\/wp-json\/wp\/v2\/product\/1760"}],"collection":[{"href":"https:\/\/saxsim.ee\/swp\/wp-json\/wp\/v2\/product"}],"about":[{"href":"https:\/\/saxsim.ee\/swp\/wp-json\/wp\/v2\/types\/product"}],"replies":[{"embeddable":true,"href":"https:\/\/saxsim.ee\/swp\/wp-json\/wp\/v2\/comments?post=1760"}],"wp:featuredmedia":[{"embeddable":true,"href":"https:\/\/saxsim.ee\/swp\/wp-json\/wp\/v2\/media\/1757"}],"wp:attachment":[{"href":"https:\/\/saxsim.ee\/swp\/wp-json\/wp\/v2\/media?parent=1760"}],"wp:term":[{"taxonomy":"product_cat","embeddable":true,"href":"https:\/\/saxsim.ee\/swp\/wp-json\/wp\/v2\/product_cat?post=1760"},{"taxonomy":"product_tag","embeddable":true,"href":"https:\/\/saxsim.ee\/swp\/wp-json\/wp\/v2\/product_tag?post=1760"}],"curies":[{"name":"wp","href":"https:\/\/api.w.org\/{rel}","templated":true}]}}