{"id":1756,"date":"2017-03-23T22:15:52","date_gmt":"2017-03-23T20:15:52","guid":{"rendered":"https:\/\/www.saxsim.ee\/swp\/toode\/mini-dryer-turbo-kasifoon\/"},"modified":"2025-11-27T11:43:01","modified_gmt":"2025-11-27T09:43:01","slug":"diffuser-universal","status":"publish","type":"product","link":"https:\/\/saxsim.ee\/swp\/product\/diffuser-universal\/","title":{"rendered":"Diffuser Universal"},"content":{"rendered":"<p>Universaalne difuusor, mis sobib paljudele k\u00e4sif\u00f6\u00f6nidele.<\/p>\n<p>&nbsp;<\/p>\n","protected":false},"excerpt":{"rendered":"<p>Universaalne difuusor, mis sobib paljudele k\u00e4sif\u00f6\u00f6nidele. &nbsp;<\/p>\n","protected":false},"featured_media":1759,"comment_status":"closed","ping_status":"closed","template":"","meta":[],"product_cat":[401,285],"product_tag":[],"class_list":{"0":"post-1756","1":"product","2":"type-product","3":"status-publish","4":"has-post-thumbnail","6":"product_cat-juuksuri-tarvikud","7":"product_cat-kasifoonid","9":"first","10":"instock","11":"taxable","12":"shipping-taxable","13":"purchasable","14":"product-type-simple"},"_links":{"self":[{"href":"https:\/\/saxsim.ee\/swp\/wp-json\/wp\/v2\/product\/1756"}],"collection":[{"href":"https:\/\/saxsim.ee\/swp\/wp-json\/wp\/v2\/product"}],"about":[{"href":"https:\/\/saxsim.ee\/swp\/wp-json\/wp\/v2\/types\/product"}],"replies":[{"embeddable":true,"href":"https:\/\/saxsim.ee\/swp\/wp-json\/wp\/v2\/comments?post=1756"}],"wp:featuredmedia":[{"embeddable":true,"href":"https:\/\/saxsim.ee\/swp\/wp-json\/wp\/v2\/media\/1759"}],"wp:attachment":[{"href":"https:\/\/saxsim.ee\/swp\/wp-json\/wp\/v2\/media?parent=1756"}],"wp:term":[{"taxonomy":"product_cat","embeddable":true,"href":"https:\/\/saxsim.ee\/swp\/wp-json\/wp\/v2\/product_cat?post=1756"},{"taxonomy":"product_tag","embeddable":true,"href":"https:\/\/saxsim.ee\/swp\/wp-json\/wp\/v2\/product_tag?post=1756"}],"curies":[{"name":"wp","href":"https:\/\/api.w.org\/{rel}","templated":true}]}}