{"id":1754,"date":"2017-03-23T22:10:15","date_gmt":"2017-03-23T20:10:15","guid":{"rendered":"https:\/\/www.saxsim.ee\/swp\/toode\/cera-ultralight-kasifoon\/"},"modified":"2025-10-28T08:28:24","modified_gmt":"2025-10-28T06:28:24","slug":"cera-ultralight-kasifoon","status":"publish","type":"product","link":"https:\/\/saxsim.ee\/swp\/product\/cera-ultralight-kasifoon\/","title":{"rendered":"Cera UltraLight &#8211; k\u00e4sif\u00f6\u00f6n"},"content":{"rendered":"<p>Cera Ultralight on kerge aga v\u00f5imas f\u00f6\u00f6n. Sobib ideaalselt kodus kasutamiseks.<\/p>\n<p><strong>Tehnilised andmed:<\/strong><\/p>\n<p>1100 l \u00f5hku min. ( 68 m\u00b3\/h )<br \/>\n2000 W<br \/>\n2 kiirust<br \/>\n4\u00a0kuumusastet<br \/>\nk\u00fclma \u00f5huvoo nupp<br \/>\nDC mootor<br \/>\nkaal &#8211; 330 g<br \/>\njuhe &#8211; 3 m<br \/>\n2 \u00f5husuunajat<\/p>\n<p>Tootja:<\/p>\n","protected":false},"excerpt":{"rendered":"<p>Cera Ultralight on kerge aga v\u00f5imas f\u00f6\u00f6n. Sobib ideaalselt kodus kasutamiseks. Tehnilised andmed: 1100 l \u00f5hku min. ( 68 m\u00b3\/h ) 2000 W 2 kiirust 4\u00a0kuumusastet k\u00fclma \u00f5huvoo nupp DC mootor kaal &#8211; 330 g juhe &#8211; 3 m 2 \u00f5husuunajat Tootja:<\/p>\n","protected":false},"featured_media":1755,"comment_status":"closed","ping_status":"closed","template":"","meta":[],"product_cat":[710,401,280,285],"product_tag":[],"class_list":{"0":"post-1754","1":"product","2":"type-product","3":"status-publish","4":"has-post-thumbnail","6":"product_cat-cera-professional","7":"product_cat-juuksuri-tarvikud","8":"product_cat-elektrilised-toovahendid","9":"product_cat-kasifoonid","11":"first","12":"instock","13":"taxable","14":"shipping-taxable","15":"purchasable","16":"product-type-simple"},"_links":{"self":[{"href":"https:\/\/saxsim.ee\/swp\/wp-json\/wp\/v2\/product\/1754"}],"collection":[{"href":"https:\/\/saxsim.ee\/swp\/wp-json\/wp\/v2\/product"}],"about":[{"href":"https:\/\/saxsim.ee\/swp\/wp-json\/wp\/v2\/types\/product"}],"replies":[{"embeddable":true,"href":"https:\/\/saxsim.ee\/swp\/wp-json\/wp\/v2\/comments?post=1754"}],"wp:featuredmedia":[{"embeddable":true,"href":"https:\/\/saxsim.ee\/swp\/wp-json\/wp\/v2\/media\/1755"}],"wp:attachment":[{"href":"https:\/\/saxsim.ee\/swp\/wp-json\/wp\/v2\/media?parent=1754"}],"wp:term":[{"taxonomy":"product_cat","embeddable":true,"href":"https:\/\/saxsim.ee\/swp\/wp-json\/wp\/v2\/product_cat?post=1754"},{"taxonomy":"product_tag","embeddable":true,"href":"https:\/\/saxsim.ee\/swp\/wp-json\/wp\/v2\/product_tag?post=1754"}],"curies":[{"name":"wp","href":"https:\/\/api.w.org\/{rel}","templated":true}]}}