{"id":1750,"date":"2017-03-23T21:50:00","date_gmt":"2017-03-23T19:50:00","guid":{"rendered":"https:\/\/www.saxsim.ee\/swp\/toode\/oster-light-weight-dryer-1600-kasifoon\/"},"modified":"2024-01-08T13:21:17","modified_gmt":"2024-01-08T11:21:17","slug":"oster-light-weight-dryer-1600-kasifoon","status":"publish","type":"product","link":"https:\/\/saxsim.ee\/swp\/product\/oster-light-weight-dryer-1600-kasifoon\/","title":{"rendered":"Oster Light Weight Dryer 1600 &#8211; k\u00e4sif\u00f6\u00f6n"},"content":{"rendered":"<p><strong>Tehnilised andmed:<\/strong><\/p>\n<p>1600 W<br \/>\n2 kiirust<br \/>\n4\u00a0kuumusastet<br \/>\nk\u00fclma \u00f5huvoo nupp<br \/>\nDC mootor<br \/>\nkaal &#8211; 360 g<br \/>\njuhe &#8211; 3 m<br \/>\n1 \u00f5husuunaja<\/p>\n<p>Tootja: USA<\/p>\n<p>&nbsp;<\/p>\n","protected":false},"excerpt":{"rendered":"<p>Tehnilised andmed: 1600 W 2 kiirust 4\u00a0kuumusastet k\u00fclma \u00f5huvoo nupp DC mootor kaal &#8211; 360 g juhe &#8211; 3 m 1 \u00f5husuunaja Tootja: USA &nbsp;<\/p>\n","protected":false},"featured_media":1751,"comment_status":"closed","ping_status":"closed","template":"","meta":[],"product_cat":[401,280,285],"product_tag":[],"class_list":{"0":"post-1750","1":"product","2":"type-product","3":"status-publish","4":"has-post-thumbnail","6":"product_cat-juuksuri-tarvikud","7":"product_cat-elektrilised-toovahendid","8":"product_cat-kasifoonid","10":"first","11":"instock","12":"taxable","13":"shipping-taxable","14":"purchasable","15":"product-type-simple"},"_links":{"self":[{"href":"https:\/\/saxsim.ee\/swp\/wp-json\/wp\/v2\/product\/1750"}],"collection":[{"href":"https:\/\/saxsim.ee\/swp\/wp-json\/wp\/v2\/product"}],"about":[{"href":"https:\/\/saxsim.ee\/swp\/wp-json\/wp\/v2\/types\/product"}],"replies":[{"embeddable":true,"href":"https:\/\/saxsim.ee\/swp\/wp-json\/wp\/v2\/comments?post=1750"}],"wp:featuredmedia":[{"embeddable":true,"href":"https:\/\/saxsim.ee\/swp\/wp-json\/wp\/v2\/media\/1751"}],"wp:attachment":[{"href":"https:\/\/saxsim.ee\/swp\/wp-json\/wp\/v2\/media?parent=1750"}],"wp:term":[{"taxonomy":"product_cat","embeddable":true,"href":"https:\/\/saxsim.ee\/swp\/wp-json\/wp\/v2\/product_cat?post=1750"},{"taxonomy":"product_tag","embeddable":true,"href":"https:\/\/saxsim.ee\/swp\/wp-json\/wp\/v2\/product_tag?post=1750"}],"curies":[{"name":"wp","href":"https:\/\/api.w.org\/{rel}","templated":true}]}}