{"id":1748,"date":"2017-03-23T21:39:55","date_gmt":"2017-03-23T19:39:55","guid":{"rendered":"https:\/\/www.saxsim.ee\/swp\/toode\/eti-top-power-3200-kasifoon\/"},"modified":"2024-09-05T18:17:28","modified_gmt":"2024-09-05T15:17:28","slug":"eti-top-power-3200-kasifoon","status":"publish","type":"product","link":"https:\/\/saxsim.ee\/swp\/product\/eti-top-power-3200-kasifoon\/","title":{"rendered":"ETI Top Power 3200 &#8211; k\u00e4sif\u00f6\u00f6n"},"content":{"rendered":"<p>ETI Top Power 3200 on usaldusv\u00e4\u00e4rne, vastupidav ning v\u00f5imas f\u00f6\u00f6n, professionaalseks kasutamiseks.<\/p>\n<p>&nbsp;<\/p>\n<p><strong>Tehnilised andmed:<\/strong><\/p>\n<p>1480 l \u00f5hku min. ( 85 m\u00b3\/h )<br \/>\n2000 W<br \/>\n2 kiirust<br \/>\n4\u00a0kuumusastet<br \/>\nk\u00fclma \u00f5huvoo nupp<br \/>\nETI AC mootor<br \/>\nv\u00e4ga vastupidav pol\u00fckarbonaadist korpus<br \/>\nkaal &#8211; 560 g<br \/>\njuhe &#8211; 3 m<br \/>\n2 \u00f5husuunajat<\/p>\n<p>Tootja: Italy<\/p>\n","protected":false},"excerpt":{"rendered":"<p>ETI Top Power 3200 on usaldusv\u00e4\u00e4rne, vastupidav ning v\u00f5imas f\u00f6\u00f6n, professionaalseks kasutamiseks. &nbsp; Tehnilised andmed: 1480 l \u00f5hku min. ( 85 m\u00b3\/h ) 2000 W 2 kiirust 4\u00a0kuumusastet k\u00fclma \u00f5huvoo nupp ETI AC mootor v\u00e4ga vastupidav pol\u00fckarbonaadist korpus kaal &#8211; 560 g juhe &#8211; 3 m 2 \u00f5husuunajat Tootja: Italy<\/p>\n","protected":false},"featured_media":1749,"comment_status":"closed","ping_status":"closed","template":"","meta":[],"product_cat":[711,401,280,285],"product_tag":[],"class_list":{"0":"post-1748","1":"product","2":"type-product","3":"status-publish","4":"has-post-thumbnail","6":"product_cat-eti","7":"product_cat-juuksuri-tarvikud","8":"product_cat-elektrilised-toovahendid","9":"product_cat-kasifoonid","11":"first","12":"instock","13":"taxable","14":"shipping-taxable","15":"purchasable","16":"product-type-simple"},"_links":{"self":[{"href":"https:\/\/saxsim.ee\/swp\/wp-json\/wp\/v2\/product\/1748"}],"collection":[{"href":"https:\/\/saxsim.ee\/swp\/wp-json\/wp\/v2\/product"}],"about":[{"href":"https:\/\/saxsim.ee\/swp\/wp-json\/wp\/v2\/types\/product"}],"replies":[{"embeddable":true,"href":"https:\/\/saxsim.ee\/swp\/wp-json\/wp\/v2\/comments?post=1748"}],"wp:featuredmedia":[{"embeddable":true,"href":"https:\/\/saxsim.ee\/swp\/wp-json\/wp\/v2\/media\/1749"}],"wp:attachment":[{"href":"https:\/\/saxsim.ee\/swp\/wp-json\/wp\/v2\/media?parent=1748"}],"wp:term":[{"taxonomy":"product_cat","embeddable":true,"href":"https:\/\/saxsim.ee\/swp\/wp-json\/wp\/v2\/product_cat?post=1748"},{"taxonomy":"product_tag","embeddable":true,"href":"https:\/\/saxsim.ee\/swp\/wp-json\/wp\/v2\/product_tag?post=1748"}],"curies":[{"name":"wp","href":"https:\/\/api.w.org\/{rel}","templated":true}]}}