{"id":1741,"date":"2017-03-23T21:05:48","date_gmt":"2017-03-23T19:05:48","guid":{"rendered":"https:\/\/www.saxsim.ee\/swp\/?post_type=product&#038;p=1741"},"modified":"2024-01-08T12:31:50","modified_gmt":"2024-01-08T10:31:50","slug":"ga-ma-classic-kasifoon","status":"publish","type":"product","link":"https:\/\/saxsim.ee\/swp\/product\/ga-ma-classic-kasifoon\/","title":{"rendered":"GA.MA Classic &#8211; k\u00e4sif\u00f6\u00f6n"},"content":{"rendered":"<p>V\u00f5imas, ergonoomilise disainiga k\u00e4sif\u00f6\u00f6n.<\/p>\n<p><strong>Tehnilised andmed:<\/strong><\/p>\n<p>AC mootor<\/p>\n<p>1200 l \u00f5hku min. ( 74 m\u00b3\/h )<\/p>\n<p>2000 W<\/p>\n<p>2 kiirust<\/p>\n<p>4 kuumusastet<\/p>\n<p>k\u00fclma \u00f5huvoo nupp<\/p>\n<p>kaal \u2013 519 g<\/p>\n<p>juhe \u2013 3 m<\/p>\n<p>2 \u00f5husuunajat<\/p>\n<p>1 difuusor<\/p>\n<p>Tootja:\u00a0GA.MA S.r.l., Italy<\/p>\n<p>&nbsp;<\/p>\n","protected":false},"excerpt":{"rendered":"<p>V\u00f5imas, ergonoomilise disainiga k\u00e4sif\u00f6\u00f6n. Tehnilised andmed: AC mootor 1200 l \u00f5hku min. ( 74 m\u00b3\/h ) 2000 W 2 kiirust 4 kuumusastet k\u00fclma \u00f5huvoo nupp kaal \u2013 519 g juhe \u2013 3 m 2 \u00f5husuunajat 1 difuusor Tootja:\u00a0GA.MA S.r.l., Italy &nbsp;<\/p>\n","protected":false},"featured_media":1743,"comment_status":"closed","ping_status":"closed","template":"","meta":[],"product_cat":[401,280,285],"product_tag":[],"class_list":{"0":"post-1741","1":"product","2":"type-product","3":"status-publish","4":"has-post-thumbnail","6":"product_cat-juuksuri-tarvikud","7":"product_cat-elektrilised-toovahendid","8":"product_cat-kasifoonid","10":"first","11":"instock","12":"taxable","13":"shipping-taxable","14":"purchasable","15":"product-type-simple"},"_links":{"self":[{"href":"https:\/\/saxsim.ee\/swp\/wp-json\/wp\/v2\/product\/1741"}],"collection":[{"href":"https:\/\/saxsim.ee\/swp\/wp-json\/wp\/v2\/product"}],"about":[{"href":"https:\/\/saxsim.ee\/swp\/wp-json\/wp\/v2\/types\/product"}],"replies":[{"embeddable":true,"href":"https:\/\/saxsim.ee\/swp\/wp-json\/wp\/v2\/comments?post=1741"}],"wp:featuredmedia":[{"embeddable":true,"href":"https:\/\/saxsim.ee\/swp\/wp-json\/wp\/v2\/media\/1743"}],"wp:attachment":[{"href":"https:\/\/saxsim.ee\/swp\/wp-json\/wp\/v2\/media?parent=1741"}],"wp:term":[{"taxonomy":"product_cat","embeddable":true,"href":"https:\/\/saxsim.ee\/swp\/wp-json\/wp\/v2\/product_cat?post=1741"},{"taxonomy":"product_tag","embeddable":true,"href":"https:\/\/saxsim.ee\/swp\/wp-json\/wp\/v2\/product_tag?post=1741"}],"curies":[{"name":"wp","href":"https:\/\/api.w.org\/{rel}","templated":true}]}}