{"id":1728,"date":"2017-03-22T23:28:31","date_gmt":"2017-03-22T21:28:31","guid":{"rendered":"https:\/\/www.saxsim.ee\/swp\/toode\/cerawand-koonustangid-13-26-mm\/"},"modified":"2025-09-12T09:06:31","modified_gmt":"2025-09-12T06:06:31","slug":"cerawand-koonustangid-13-26-mm","status":"publish","type":"product","link":"https:\/\/saxsim.ee\/swp\/product\/cerawand-koonustangid-13-26-mm\/","title":{"rendered":"CeraWand &#8211; koonustangid 13-26 mm"},"content":{"rendered":"<p>Selle koonusekujulise keraamilise lokitangiga saate luua unistuste lokid \u00fcksk\u00f5ik millise kuju ja suurusega. Kasuta oma kujutlusv\u00f5imet ja eksperimenteeri, tulemus r\u00e4\u00e4gib enda eest.<\/p>\n<p><strong>Tehnilised andmed:<\/strong><\/p>\n<p>ION tehnoloogia<\/p>\n<p>mittekuumenev ots<\/p>\n<p>automaatne v\u00e4ljal\u00fclitus u. 60 min. m\u00f6\u00f6dumisel<\/p>\n<p>t\u00f6\u00f6temperatuur \u2013 80\u00b0C &#8211; 210\u00b0C, reguleeritav<\/p>\n<p>kuumenev pind &#8211;\u00a0keraamiline + turmaliin<\/p>\n<p>kaal \u2013 145 &#8211; 220 g<\/p>\n<p>p\u00f6\u00f6rlev juhe \u2013 3 m<\/p>\n<p>&nbsp;<\/p>\n<p>&nbsp;<\/p>\n","protected":false},"excerpt":{"rendered":"<p>Selle koonusekujulise keraamilise lokitangiga saate luua unistuste lokid \u00fcksk\u00f5ik millise kuju ja suurusega. Kasuta oma kujutlusv\u00f5imet ja eksperimenteeri, tulemus r\u00e4\u00e4gib enda eest. Tehnilised andmed: ION tehnoloogia mittekuumenev ots automaatne v\u00e4ljal\u00fclitus u. 60 min. m\u00f6\u00f6dumisel t\u00f6\u00f6temperatuur \u2013 80\u00b0C &#8211; 210\u00b0C, reguleeritav kuumenev pind &#8211;\u00a0keraamiline + turmaliin kaal \u2013 145 &#8211; 220 g p\u00f6\u00f6rlev juhe \u2013 3 [&hellip;]<\/p>\n","protected":false},"featured_media":1729,"comment_status":"closed","ping_status":"closed","template":"","meta":[],"product_cat":[401,280,281],"product_tag":[],"class_list":{"0":"post-1728","1":"product","2":"type-product","3":"status-publish","4":"has-post-thumbnail","6":"product_cat-juuksuri-tarvikud","7":"product_cat-elektrilised-toovahendid","8":"product_cat-lokitangid","10":"first","11":"instock","12":"taxable","13":"shipping-taxable","14":"purchasable","15":"product-type-simple"},"_links":{"self":[{"href":"https:\/\/saxsim.ee\/swp\/wp-json\/wp\/v2\/product\/1728"}],"collection":[{"href":"https:\/\/saxsim.ee\/swp\/wp-json\/wp\/v2\/product"}],"about":[{"href":"https:\/\/saxsim.ee\/swp\/wp-json\/wp\/v2\/types\/product"}],"replies":[{"embeddable":true,"href":"https:\/\/saxsim.ee\/swp\/wp-json\/wp\/v2\/comments?post=1728"}],"wp:featuredmedia":[{"embeddable":true,"href":"https:\/\/saxsim.ee\/swp\/wp-json\/wp\/v2\/media\/1729"}],"wp:attachment":[{"href":"https:\/\/saxsim.ee\/swp\/wp-json\/wp\/v2\/media?parent=1728"}],"wp:term":[{"taxonomy":"product_cat","embeddable":true,"href":"https:\/\/saxsim.ee\/swp\/wp-json\/wp\/v2\/product_cat?post=1728"},{"taxonomy":"product_tag","embeddable":true,"href":"https:\/\/saxsim.ee\/swp\/wp-json\/wp\/v2\/product_tag?post=1728"}],"curies":[{"name":"wp","href":"https:\/\/api.w.org\/{rel}","templated":true}]}}