{"id":1723,"date":"2017-03-22T23:16:46","date_gmt":"2017-03-22T21:16:46","guid":{"rendered":"https:\/\/www.saxsim.ee\/swp\/toode\/cera-spinwand-lokitangid-1932-mm\/"},"modified":"2024-01-08T11:40:13","modified_gmt":"2024-01-08T09:40:13","slug":"cera-spinwand-lokitangid-19-32-mm","status":"publish","type":"product","link":"https:\/\/saxsim.ee\/swp\/product\/cera-spinwand-lokitangid-19-32-mm\/","title":{"rendered":"Cera Spinwand &#8211; koonustangid 19-32 mm"},"content":{"rendered":"<p>Cera Spinwand on isep\u00f6\u00f6rlev ( paremale v\u00f5i vasakule ), koonusekujuline lokitang. Cera Spinwand\u00a0v\u00f5imaldab luua oma unistuste lokid ainult\u00a0nupuvajutusega.<br \/>\n<strong>Tehnilised andmed:<\/strong><\/p>\n<p>ION tehnoloogia<\/p>\n<p>isep\u00f6\u00f6rlev<\/p>\n<p>mittekuumenev ots<\/p>\n<p>automaatne v\u00e4ljal\u00fclitus u. 60 min. m\u00f6\u00f6dumisel<\/p>\n<p>t\u00f6\u00f6temperatuur \u2013 100\u00b0C &#8211; 220\u00b0C, reguleeritav<\/p>\n<p>kuumenev pind &#8211;\u00a0keraamiline + turmaliin<\/p>\n<p>kaal \u2013 350 g<\/p>\n<p>p\u00f6\u00f6rlev juhe \u2013 3 m<\/p>\n<p>&nbsp;<\/p>\n<p>&nbsp;<\/p>\n","protected":false},"excerpt":{"rendered":"<p>Cera Spinwand on isep\u00f6\u00f6rlev ( paremale v\u00f5i vasakule ), koonusekujuline lokitang. Cera Spinwand\u00a0v\u00f5imaldab luua oma unistuste lokid ainult\u00a0nupuvajutusega. Tehnilised andmed: ION tehnoloogia isep\u00f6\u00f6rlev mittekuumenev ots automaatne v\u00e4ljal\u00fclitus u. 60 min. m\u00f6\u00f6dumisel t\u00f6\u00f6temperatuur \u2013 100\u00b0C &#8211; 220\u00b0C, reguleeritav kuumenev pind &#8211;\u00a0keraamiline + turmaliin kaal \u2013 350 g p\u00f6\u00f6rlev juhe \u2013 3 m &nbsp; &nbsp;<\/p>\n","protected":false},"featured_media":1724,"comment_status":"closed","ping_status":"closed","template":"","meta":[],"product_cat":[401,280,281],"product_tag":[],"class_list":{"0":"post-1723","1":"product","2":"type-product","3":"status-publish","4":"has-post-thumbnail","6":"product_cat-juuksuri-tarvikud","7":"product_cat-elektrilised-toovahendid","8":"product_cat-lokitangid","10":"first","11":"instock","12":"taxable","13":"shipping-taxable","14":"purchasable","15":"product-type-simple"},"_links":{"self":[{"href":"https:\/\/saxsim.ee\/swp\/wp-json\/wp\/v2\/product\/1723"}],"collection":[{"href":"https:\/\/saxsim.ee\/swp\/wp-json\/wp\/v2\/product"}],"about":[{"href":"https:\/\/saxsim.ee\/swp\/wp-json\/wp\/v2\/types\/product"}],"replies":[{"embeddable":true,"href":"https:\/\/saxsim.ee\/swp\/wp-json\/wp\/v2\/comments?post=1723"}],"wp:featuredmedia":[{"embeddable":true,"href":"https:\/\/saxsim.ee\/swp\/wp-json\/wp\/v2\/media\/1724"}],"wp:attachment":[{"href":"https:\/\/saxsim.ee\/swp\/wp-json\/wp\/v2\/media?parent=1723"}],"wp:term":[{"taxonomy":"product_cat","embeddable":true,"href":"https:\/\/saxsim.ee\/swp\/wp-json\/wp\/v2\/product_cat?post=1723"},{"taxonomy":"product_tag","embeddable":true,"href":"https:\/\/saxsim.ee\/swp\/wp-json\/wp\/v2\/product_tag?post=1723"}],"curies":[{"name":"wp","href":"https:\/\/api.w.org\/{rel}","templated":true}]}}