{"id":1718,"date":"2017-03-22T22:44:05","date_gmt":"2017-03-22T20:44:05","guid":{"rendered":"https:\/\/www.saxsim.ee\/swp\/toode\/cera-curlstyler-lainetangid\/"},"modified":"2025-07-09T10:05:22","modified_gmt":"2025-07-09T07:05:22","slug":"cera-curlstyler-lainetangid","status":"publish","type":"product","link":"https:\/\/saxsim.ee\/swp\/product\/cera-curlstyler-lainetangid\/","title":{"rendered":"Cera Curlstyler &#8211; lainetangid"},"content":{"rendered":"<p>Uuenenud Curlstyler`il on kummiga kaetud k\u00e4epide ja digitaalne tabloo. 3-harulise lokitangiga teed kauakestvad, siledad ja l\u00e4ikivad lainelokid.<\/p>\n<p><strong>Tehnilised andmed:<\/strong><\/p>\n<p>ION tehnoloogia<\/p>\n<p>mittekuumenev ots<\/p>\n<p>keraamilise kattega k\u00fcttekehad<\/p>\n<p>automaatne v\u00e4ljal\u00fclitus 60 min. p\u00e4rast<\/p>\n<p>t\u00f6\u00f6temperatuur \u2013 120\u00b0C &#8211; 210\u00b0C, digitaalselt reguleeritav<\/p>\n<p>tangide l\u00e4bim\u00f5\u00f5t &#8211; 19 mm<\/p>\n<p>kaal \u2013 320 g.<\/p>\n<p>p\u00f6\u00f6rlev juhe \u2013 3,0 m<\/p>\n<p>&nbsp;<\/p>\n","protected":false},"excerpt":{"rendered":"<p>Uuenenud Curlstyler`il on kummiga kaetud k\u00e4epide ja digitaalne tabloo. 3-harulise lokitangiga teed kauakestvad, siledad ja l\u00e4ikivad lainelokid. Tehnilised andmed: ION tehnoloogia mittekuumenev ots keraamilise kattega k\u00fcttekehad automaatne v\u00e4ljal\u00fclitus 60 min. p\u00e4rast t\u00f6\u00f6temperatuur \u2013 120\u00b0C &#8211; 210\u00b0C, digitaalselt reguleeritav tangide l\u00e4bim\u00f5\u00f5t &#8211; 19 mm kaal \u2013 320 g. p\u00f6\u00f6rlev juhe \u2013 3,0 m &nbsp;<\/p>\n","protected":false},"featured_media":1719,"comment_status":"closed","ping_status":"closed","template":"","meta":[],"product_cat":[401,280,283],"product_tag":[],"class_list":{"0":"post-1718","1":"product","2":"type-product","3":"status-publish","4":"has-post-thumbnail","6":"product_cat-juuksuri-tarvikud","7":"product_cat-elektrilised-toovahendid","8":"product_cat-krepp-ja-lainetangid","10":"first","11":"instock","12":"taxable","13":"shipping-taxable","14":"purchasable","15":"product-type-simple"},"_links":{"self":[{"href":"https:\/\/saxsim.ee\/swp\/wp-json\/wp\/v2\/product\/1718"}],"collection":[{"href":"https:\/\/saxsim.ee\/swp\/wp-json\/wp\/v2\/product"}],"about":[{"href":"https:\/\/saxsim.ee\/swp\/wp-json\/wp\/v2\/types\/product"}],"replies":[{"embeddable":true,"href":"https:\/\/saxsim.ee\/swp\/wp-json\/wp\/v2\/comments?post=1718"}],"wp:featuredmedia":[{"embeddable":true,"href":"https:\/\/saxsim.ee\/swp\/wp-json\/wp\/v2\/media\/1719"}],"wp:attachment":[{"href":"https:\/\/saxsim.ee\/swp\/wp-json\/wp\/v2\/media?parent=1718"}],"wp:term":[{"taxonomy":"product_cat","embeddable":true,"href":"https:\/\/saxsim.ee\/swp\/wp-json\/wp\/v2\/product_cat?post=1718"},{"taxonomy":"product_tag","embeddable":true,"href":"https:\/\/saxsim.ee\/swp\/wp-json\/wp\/v2\/product_tag?post=1718"}],"curies":[{"name":"wp","href":"https:\/\/api.w.org\/{rel}","templated":true}]}}