{"id":1704,"date":"2017-03-22T19:54:31","date_gmt":"2017-03-22T17:54:31","guid":{"rendered":"https:\/\/www.saxsim.ee\/swp\/toode\/ceracurly-lokitangid-38-mm\/"},"modified":"2025-07-31T12:33:00","modified_gmt":"2025-07-31T09:33:00","slug":"ceracurly-lokitangid-38-mm","status":"publish","type":"product","link":"https:\/\/saxsim.ee\/swp\/product\/ceracurly-lokitangid-38-mm\/","title":{"rendered":"CeraCurly &#8211; lokitangid 38 mm"},"content":{"rendered":"<p>CeraCurly lokitangidel on vedruga klamber, mis teeb nende kasutamise lihtsaks ka \u00fche k\u00e4ega. Tangide ots on valmistatud mittekuumenevast materjalist. Nagu k\u00f5ikide teiste Cera t\u00f6\u00f6riistade puhul on kuumenev pind valmistatud keraamilisest materjalist, mis levitab soojust \u00fchtlaselt ja v\u00e4hendab kulumist.<\/p>\n<p><strong>Tehnilised andmed:<\/strong><\/p>\n<p>automaatne v\u00e4ljal\u00fclitus u. 60 min. m\u00f6\u00f6dumisel<\/p>\n<p>t\u00f6\u00f6temperatuur \u2013 80\u00b0C &#8211; 210\u00b0C, reguleeritav<\/p>\n<p>kuumenev pind &#8211;\u00a0keraamiline<\/p>\n<p>kaal \u2013 250 g<\/p>\n<p>p\u00f6\u00f6rlev juhe \u2013 3 m<\/p>\n<p>&nbsp;<\/p>\n<p>&nbsp;<\/p>\n","protected":false},"excerpt":{"rendered":"<p>CeraCurly lokitangidel on vedruga klamber, mis teeb nende kasutamise lihtsaks ka \u00fche k\u00e4ega. Tangide ots on valmistatud mittekuumenevast materjalist. Nagu k\u00f5ikide teiste Cera t\u00f6\u00f6riistade puhul on kuumenev pind valmistatud keraamilisest materjalist, mis levitab soojust \u00fchtlaselt ja v\u00e4hendab kulumist. Tehnilised andmed: automaatne v\u00e4ljal\u00fclitus u. 60 min. m\u00f6\u00f6dumisel t\u00f6\u00f6temperatuur \u2013 80\u00b0C &#8211; 210\u00b0C, reguleeritav kuumenev pind &#8211;\u00a0keraamiline [&hellip;]<\/p>\n","protected":false},"featured_media":1705,"comment_status":"closed","ping_status":"closed","template":"","meta":[],"product_cat":[710,401,280,281],"product_tag":[],"class_list":{"0":"post-1704","1":"product","2":"type-product","3":"status-publish","4":"has-post-thumbnail","6":"product_cat-cera-professional","7":"product_cat-juuksuri-tarvikud","8":"product_cat-elektrilised-toovahendid","9":"product_cat-lokitangid","11":"first","12":"instock","13":"taxable","14":"shipping-taxable","15":"purchasable","16":"product-type-simple"},"_links":{"self":[{"href":"https:\/\/saxsim.ee\/swp\/wp-json\/wp\/v2\/product\/1704"}],"collection":[{"href":"https:\/\/saxsim.ee\/swp\/wp-json\/wp\/v2\/product"}],"about":[{"href":"https:\/\/saxsim.ee\/swp\/wp-json\/wp\/v2\/types\/product"}],"replies":[{"embeddable":true,"href":"https:\/\/saxsim.ee\/swp\/wp-json\/wp\/v2\/comments?post=1704"}],"wp:featuredmedia":[{"embeddable":true,"href":"https:\/\/saxsim.ee\/swp\/wp-json\/wp\/v2\/media\/1705"}],"wp:attachment":[{"href":"https:\/\/saxsim.ee\/swp\/wp-json\/wp\/v2\/media?parent=1704"}],"wp:term":[{"taxonomy":"product_cat","embeddable":true,"href":"https:\/\/saxsim.ee\/swp\/wp-json\/wp\/v2\/product_cat?post=1704"},{"taxonomy":"product_tag","embeddable":true,"href":"https:\/\/saxsim.ee\/swp\/wp-json\/wp\/v2\/product_tag?post=1704"}],"curies":[{"name":"wp","href":"https:\/\/api.w.org\/{rel}","templated":true}]}}