{"id":1691,"date":"2017-03-22T17:14:33","date_gmt":"2017-03-22T15:14:33","guid":{"rendered":"https:\/\/www.saxsim.ee\/swp\/toode\/ga-ma-cp1-electronic-sirgendaja\/"},"modified":"2020-10-03T11:22:50","modified_gmt":"2020-10-03T08:22:50","slug":"ga-ma-cp1-electronic-sirgendaja","status":"publish","type":"product","link":"https:\/\/saxsim.ee\/swp\/product\/ga-ma-cp1-electronic-sirgendaja\/","title":{"rendered":"GA.MA CP1 Electronic &#8211; sirgendaja"},"content":{"rendered":"<p>GA.MA CP1 Electronic on temperatuuri reguleerijaga GA.MA mudel. T\u00e4nu oma \u00f5hukesele disainile on\u00a0GA.MA CP1 Electronic sirgendajaga v\u00f5imalik teha lokke, laineid ja palju teisi loomingulisi stiile.\u00a0Kuigi hea disain on j\u00e4\u00e4nud, on aastate jooksul lisatud palju h\u00e4id tehnilisi omadusi.<\/p>\n<p><strong>Tehnilised andmed:<\/strong><\/p>\n<p>soojeneb \u2013 10 sek.<\/p>\n<p>t\u00f6\u00f6temperatuur \u2013 160\u00b0C kuni 200\u00b0C<\/p>\n<p>keraamilised plaadid \u2013 25\u00d790 mm, fikseeritud<\/p>\n<p>energias\u00e4\u00e4stlik s\u00fcsteem<\/p>\n<p>v\u00e4ike kaal \u2013 210 g<\/p>\n<p>p\u00f6\u00f6rlev juhe \u2013 3 m<\/p>\n<p>lisakaitsmed kuumuse eest \u2013 2 tk<\/p>\n<p>Tootja:\u00a0GA.MA S.r.l., Italy<\/p>\n","protected":false},"excerpt":{"rendered":"<p>GA.MA CP1 Electronic on temperatuuri reguleerijaga GA.MA mudel. T\u00e4nu oma \u00f5hukesele disainile on\u00a0GA.MA CP1 Electronic sirgendajaga v\u00f5imalik teha lokke, laineid ja palju teisi loomingulisi stiile.\u00a0Kuigi hea disain on j\u00e4\u00e4nud, on aastate jooksul lisatud palju h\u00e4id tehnilisi omadusi. Tehnilised andmed: soojeneb \u2013 10 sek. t\u00f6\u00f6temperatuur \u2013 160\u00b0C kuni 200\u00b0C keraamilised plaadid \u2013 25\u00d790 mm, fikseeritud energias\u00e4\u00e4stlik [&hellip;]<\/p>\n","protected":false},"featured_media":1692,"comment_status":"closed","ping_status":"closed","template":"","meta":[],"product_cat":[709,401,280,338],"product_tag":[],"class_list":{"0":"post-1691","1":"product","2":"type-product","3":"status-publish","4":"has-post-thumbnail","6":"product_cat-ga-ma","7":"product_cat-juuksuri-tarvikud","8":"product_cat-elektrilised-toovahendid","9":"product_cat-sirgendajad","11":"first","12":"outofstock","13":"taxable","14":"shipping-taxable","15":"purchasable","16":"product-type-simple"},"_links":{"self":[{"href":"https:\/\/saxsim.ee\/swp\/wp-json\/wp\/v2\/product\/1691"}],"collection":[{"href":"https:\/\/saxsim.ee\/swp\/wp-json\/wp\/v2\/product"}],"about":[{"href":"https:\/\/saxsim.ee\/swp\/wp-json\/wp\/v2\/types\/product"}],"replies":[{"embeddable":true,"href":"https:\/\/saxsim.ee\/swp\/wp-json\/wp\/v2\/comments?post=1691"}],"wp:featuredmedia":[{"embeddable":true,"href":"https:\/\/saxsim.ee\/swp\/wp-json\/wp\/v2\/media\/1692"}],"wp:attachment":[{"href":"https:\/\/saxsim.ee\/swp\/wp-json\/wp\/v2\/media?parent=1691"}],"wp:term":[{"taxonomy":"product_cat","embeddable":true,"href":"https:\/\/saxsim.ee\/swp\/wp-json\/wp\/v2\/product_cat?post=1691"},{"taxonomy":"product_tag","embeddable":true,"href":"https:\/\/saxsim.ee\/swp\/wp-json\/wp\/v2\/product_tag?post=1691"}],"curies":[{"name":"wp","href":"https:\/\/api.w.org\/{rel}","templated":true}]}}