{"id":1687,"date":"2017-03-21T21:15:26","date_gmt":"2017-03-21T19:15:26","guid":{"rendered":"https:\/\/www.saxsim.ee\/swp\/toode\/cera-straightener-wide-sirgendaja\/"},"modified":"2025-08-20T19:19:08","modified_gmt":"2025-08-20T16:19:08","slug":"cera-straightener-wide-sirgendaja","status":"publish","type":"product","link":"https:\/\/saxsim.ee\/swp\/product\/cera-straightener-wide-sirgendaja\/","title":{"rendered":"Cera Straightener Wide &#8211; sirgendaja"},"content":{"rendered":"<p>ION tehnoloogiaga, keraamiliste plaatidega sirgendaja. Sobib ideaalselt pikkade\/paksude juuste sirgendamiseks.<\/p>\n<p><strong>Tehnilised andmed:<\/strong><\/p>\n<p>t\u00f6\u00f6temperatuur &#8211; 130\u00b0C kuni 230\u00b0C<br \/>\nkeraamilised plaadid &#8211; 37 x 89 mm, \u201d ujuvad \u201d<br \/>\nION tehnoloogia<br \/>\nautomaatne v\u00e4ljal\u00fclitus 60 min. m\u00f6\u00f6dumisel<br \/>\ndigitaalne temperatuuri reguleerimine<br \/>\nkaal &#8211; 290 g<br \/>\np\u00f6\u00f6rlev juhe &#8211; 2,5 m<\/p>\n","protected":false},"excerpt":{"rendered":"<p>ION tehnoloogiaga, keraamiliste plaatidega sirgendaja. Sobib ideaalselt pikkade\/paksude juuste sirgendamiseks. Tehnilised andmed: t\u00f6\u00f6temperatuur &#8211; 130\u00b0C kuni 230\u00b0C keraamilised plaadid &#8211; 37 x 89 mm, \u201d ujuvad \u201d ION tehnoloogia automaatne v\u00e4ljal\u00fclitus 60 min. m\u00f6\u00f6dumisel digitaalne temperatuuri reguleerimine kaal &#8211; 290 g p\u00f6\u00f6rlev juhe &#8211; 2,5 m<\/p>\n","protected":false},"featured_media":1688,"comment_status":"closed","ping_status":"closed","template":"","meta":[],"product_cat":[710,401,280,338],"product_tag":[],"class_list":{"0":"post-1687","1":"product","2":"type-product","3":"status-publish","4":"has-post-thumbnail","6":"product_cat-cera-professional","7":"product_cat-juuksuri-tarvikud","8":"product_cat-elektrilised-toovahendid","9":"product_cat-sirgendajad","11":"first","12":"instock","13":"taxable","14":"shipping-taxable","15":"purchasable","16":"product-type-simple"},"_links":{"self":[{"href":"https:\/\/saxsim.ee\/swp\/wp-json\/wp\/v2\/product\/1687"}],"collection":[{"href":"https:\/\/saxsim.ee\/swp\/wp-json\/wp\/v2\/product"}],"about":[{"href":"https:\/\/saxsim.ee\/swp\/wp-json\/wp\/v2\/types\/product"}],"replies":[{"embeddable":true,"href":"https:\/\/saxsim.ee\/swp\/wp-json\/wp\/v2\/comments?post=1687"}],"wp:featuredmedia":[{"embeddable":true,"href":"https:\/\/saxsim.ee\/swp\/wp-json\/wp\/v2\/media\/1688"}],"wp:attachment":[{"href":"https:\/\/saxsim.ee\/swp\/wp-json\/wp\/v2\/media?parent=1687"}],"wp:term":[{"taxonomy":"product_cat","embeddable":true,"href":"https:\/\/saxsim.ee\/swp\/wp-json\/wp\/v2\/product_cat?post=1687"},{"taxonomy":"product_tag","embeddable":true,"href":"https:\/\/saxsim.ee\/swp\/wp-json\/wp\/v2\/product_tag?post=1687"}],"curies":[{"name":"wp","href":"https:\/\/api.w.org\/{rel}","templated":true}]}}