{"id":1682,"date":"2017-03-21T19:03:12","date_gmt":"2017-03-21T17:03:12","guid":{"rendered":"https:\/\/www.saxsim.ee\/swp\/toode\/ga-ma-cp1-laserion-digital-sirgendaja\/"},"modified":"2020-05-15T20:52:26","modified_gmt":"2020-05-15T17:52:26","slug":"ga-ma-cp1-laserion-digital-sirgendaja","status":"publish","type":"product","link":"https:\/\/saxsim.ee\/swp\/product\/ga-ma-cp1-laserion-digital-sirgendaja\/","title":{"rendered":"GA.MA CP1 LaserION Digital &#8211; sirgendaja"},"content":{"rendered":"<p>Traditsioonilise GA.MA CP1 sirgendaja, uus, t\u00e4iustatud digitaalne mudel. Digitaalne ekraan aitab hoida valitud temperatuuri kontrolli all ja vastavalt juukset\u00fc\u00fcbile reguleerida \u00a0kuumust 160\u00b0C kuni 220\u00b0C. Innovaatilise t\u00e4iendusena on lisatud\u00a0Ion Plus tehnoloogia.<\/p>\n<p><strong>Tehnilised andmed:<\/strong><\/p>\n<p>t\u00f6\u00f6temperatuur &#8211; 160\u00b0C kuni 220\u00b0C<br \/>\nkeraamilised plaadid &#8211; 29 x 90 mm<br \/>\nkaal &#8211; 238 g<br \/>\np\u00f6\u00f6rlev juhe &#8211; 3 m<\/p>\n<p>Tootja:\u00a0GA.MA S.r.l., Italy<\/p>\n","protected":false},"excerpt":{"rendered":"<p>Traditsioonilise GA.MA CP1 sirgendaja, uus, t\u00e4iustatud digitaalne mudel. Digitaalne ekraan aitab hoida valitud temperatuuri kontrolli all ja vastavalt juukset\u00fc\u00fcbile reguleerida \u00a0kuumust 160\u00b0C kuni 220\u00b0C. Innovaatilise t\u00e4iendusena on lisatud\u00a0Ion Plus tehnoloogia. Tehnilised andmed: t\u00f6\u00f6temperatuur &#8211; 160\u00b0C kuni 220\u00b0C keraamilised plaadid &#8211; 29 x 90 mm kaal &#8211; 238 g p\u00f6\u00f6rlev juhe &#8211; 3 m Tootja:\u00a0GA.MA S.r.l., [&hellip;]<\/p>\n","protected":false},"featured_media":1683,"comment_status":"closed","ping_status":"closed","template":"","meta":[],"product_cat":[709,401,280,338],"product_tag":[],"class_list":{"0":"post-1682","1":"product","2":"type-product","3":"status-publish","4":"has-post-thumbnail","6":"product_cat-ga-ma","7":"product_cat-juuksuri-tarvikud","8":"product_cat-elektrilised-toovahendid","9":"product_cat-sirgendajad","11":"first","12":"outofstock","13":"taxable","14":"shipping-taxable","15":"purchasable","16":"product-type-simple"},"_links":{"self":[{"href":"https:\/\/saxsim.ee\/swp\/wp-json\/wp\/v2\/product\/1682"}],"collection":[{"href":"https:\/\/saxsim.ee\/swp\/wp-json\/wp\/v2\/product"}],"about":[{"href":"https:\/\/saxsim.ee\/swp\/wp-json\/wp\/v2\/types\/product"}],"replies":[{"embeddable":true,"href":"https:\/\/saxsim.ee\/swp\/wp-json\/wp\/v2\/comments?post=1682"}],"wp:featuredmedia":[{"embeddable":true,"href":"https:\/\/saxsim.ee\/swp\/wp-json\/wp\/v2\/media\/1683"}],"wp:attachment":[{"href":"https:\/\/saxsim.ee\/swp\/wp-json\/wp\/v2\/media?parent=1682"}],"wp:term":[{"taxonomy":"product_cat","embeddable":true,"href":"https:\/\/saxsim.ee\/swp\/wp-json\/wp\/v2\/product_cat?post=1682"},{"taxonomy":"product_tag","embeddable":true,"href":"https:\/\/saxsim.ee\/swp\/wp-json\/wp\/v2\/product_tag?post=1682"}],"curies":[{"name":"wp","href":"https:\/\/api.w.org\/{rel}","templated":true}]}}