{"id":1680,"date":"2017-03-21T19:03:04","date_gmt":"2017-03-21T17:03:04","guid":{"rendered":"https:\/\/www.saxsim.ee\/swp\/?post_type=product&#038;p=1680"},"modified":"2026-02-08T11:51:33","modified_gmt":"2026-02-08T09:51:33","slug":"ga-ma-cp1-ceramic-sirgendaja","status":"publish","type":"product","link":"https:\/\/saxsim.ee\/swp\/product\/ga-ma-cp1-ceramic-sirgendaja\/","title":{"rendered":"GA.MA CP1 Ceramic &#8211; sirgendaja"},"content":{"rendered":"<p>GA.MA CP1 Ceramic on enimm\u00fc\u00fcdud GA.MA mudel. T\u00e4nu oma \u00f5hukesele disainile on\u00a0GA.MA CP1 Ceramic sirgendajaga v\u00f5imalik teha lokke, laineid ja palju teisi loomingulisi stiile.\u00a0Kuigi hea disain on j\u00e4\u00e4nud, on aastate jooksul lisatud palju h\u00e4id tehnilisi omadusi.<\/p>\n<p><strong>Tehnilised andmed:<\/strong><\/p>\n<p>soojeneb &#8211; 10 sek.<\/p>\n<p>t\u00f6\u00f6temperatuur &#8211;\u00a0200\u00b0C<\/p>\n<p>keraamilised plaadid &#8211; 25*90 mm<\/p>\n<p>energias\u00e4\u00e4stlik s\u00fcsteem<\/p>\n<p>v\u00e4ike kaal &#8211; 210 g<\/p>\n<p>p\u00f6\u00f6rlev juhe &#8211; 3 m<\/p>\n<p>lisakaitsmed kuumuse eest &#8211; 2 tk<\/p>\n<p>Tootja:\u00a0GA.MA S.r.l., Italy<\/p>\n<p>&nbsp;<\/p>\n","protected":false},"excerpt":{"rendered":"<p>GA.MA CP1 Ceramic on enimm\u00fc\u00fcdud GA.MA mudel. T\u00e4nu oma \u00f5hukesele disainile on\u00a0GA.MA CP1 Ceramic sirgendajaga v\u00f5imalik teha lokke, laineid ja palju teisi loomingulisi stiile.\u00a0Kuigi hea disain on j\u00e4\u00e4nud, on aastate jooksul lisatud palju h\u00e4id tehnilisi omadusi. Tehnilised andmed: soojeneb &#8211; 10 sek. t\u00f6\u00f6temperatuur &#8211;\u00a0200\u00b0C keraamilised plaadid &#8211; 25*90 mm energias\u00e4\u00e4stlik s\u00fcsteem v\u00e4ike kaal &#8211; 210 [&hellip;]<\/p>\n","protected":false},"featured_media":1681,"comment_status":"closed","ping_status":"closed","template":"","meta":[],"product_cat":[709,401,280,338],"product_tag":[],"class_list":{"0":"post-1680","1":"product","2":"type-product","3":"status-publish","4":"has-post-thumbnail","6":"product_cat-ga-ma","7":"product_cat-juuksuri-tarvikud","8":"product_cat-elektrilised-toovahendid","9":"product_cat-sirgendajad","11":"first","12":"instock","13":"taxable","14":"shipping-taxable","15":"purchasable","16":"product-type-simple"},"_links":{"self":[{"href":"https:\/\/saxsim.ee\/swp\/wp-json\/wp\/v2\/product\/1680"}],"collection":[{"href":"https:\/\/saxsim.ee\/swp\/wp-json\/wp\/v2\/product"}],"about":[{"href":"https:\/\/saxsim.ee\/swp\/wp-json\/wp\/v2\/types\/product"}],"replies":[{"embeddable":true,"href":"https:\/\/saxsim.ee\/swp\/wp-json\/wp\/v2\/comments?post=1680"}],"wp:featuredmedia":[{"embeddable":true,"href":"https:\/\/saxsim.ee\/swp\/wp-json\/wp\/v2\/media\/1681"}],"wp:attachment":[{"href":"https:\/\/saxsim.ee\/swp\/wp-json\/wp\/v2\/media?parent=1680"}],"wp:term":[{"taxonomy":"product_cat","embeddable":true,"href":"https:\/\/saxsim.ee\/swp\/wp-json\/wp\/v2\/product_cat?post=1680"},{"taxonomy":"product_tag","embeddable":true,"href":"https:\/\/saxsim.ee\/swp\/wp-json\/wp\/v2\/product_tag?post=1680"}],"curies":[{"name":"wp","href":"https:\/\/api.w.org\/{rel}","templated":true}]}}