{"id":1678,"date":"2017-03-21T17:18:18","date_gmt":"2017-03-21T15:18:18","guid":{"rendered":"https:\/\/www.saxsim.ee\/swp\/toode\/styling-razor-1-tk\/"},"modified":"2024-02-04T10:40:19","modified_gmt":"2024-02-04T08:40:19","slug":"styling-razor-1-tk","status":"publish","type":"product","link":"https:\/\/saxsim.ee\/swp\/product\/styling-razor-1-tk\/","title":{"rendered":"Styling Razor 1 tk. &#8211; l\u00f5ikusnuga"},"content":{"rendered":"<p>L\u00f5ikusnoal Styling Razor ( l\u00f5ikusnoa\u00a0FEATHER analoog ) on kummiga kaetud k\u00e4epide .<\/p>\n<p>L\u00f5ikusnoale sobivad originaalsed\u00a0FEATHER\u00a0\u017eiletiterad.<\/p>\n<p>NB! \u017diletiterad ei kuulu komplekti.<\/p>\n<p>\u017diletiterad on eraldi m\u00fc\u00fcgis.<\/p>\n<p>&nbsp;<\/p>\n","protected":false},"excerpt":{"rendered":"<p>L\u00f5ikusnoal Styling Razor ( l\u00f5ikusnoa\u00a0FEATHER analoog ) on kummiga kaetud k\u00e4epide . L\u00f5ikusnoale sobivad originaalsed\u00a0FEATHER\u00a0\u017eiletiterad. NB! \u017diletiterad ei kuulu komplekti. \u017diletiterad on eraldi m\u00fc\u00fcgis. &nbsp;<\/p>\n","protected":false},"featured_media":1679,"comment_status":"closed","ping_status":"closed","template":"","meta":[],"product_cat":[401,337],"product_tag":[],"class_list":{"0":"post-1678","1":"product","2":"type-product","3":"status-publish","4":"has-post-thumbnail","6":"product_cat-juuksuri-tarvikud","7":"product_cat-loikusnoad-ja-noaterad","9":"first","10":"instock","11":"taxable","12":"shipping-taxable","13":"purchasable","14":"product-type-simple"},"_links":{"self":[{"href":"https:\/\/saxsim.ee\/swp\/wp-json\/wp\/v2\/product\/1678"}],"collection":[{"href":"https:\/\/saxsim.ee\/swp\/wp-json\/wp\/v2\/product"}],"about":[{"href":"https:\/\/saxsim.ee\/swp\/wp-json\/wp\/v2\/types\/product"}],"replies":[{"embeddable":true,"href":"https:\/\/saxsim.ee\/swp\/wp-json\/wp\/v2\/comments?post=1678"}],"wp:featuredmedia":[{"embeddable":true,"href":"https:\/\/saxsim.ee\/swp\/wp-json\/wp\/v2\/media\/1679"}],"wp:attachment":[{"href":"https:\/\/saxsim.ee\/swp\/wp-json\/wp\/v2\/media?parent=1678"}],"wp:term":[{"taxonomy":"product_cat","embeddable":true,"href":"https:\/\/saxsim.ee\/swp\/wp-json\/wp\/v2\/product_cat?post=1678"},{"taxonomy":"product_tag","embeddable":true,"href":"https:\/\/saxsim.ee\/swp\/wp-json\/wp\/v2\/product_tag?post=1678"}],"curies":[{"name":"wp","href":"https:\/\/api.w.org\/{rel}","templated":true}]}}