{"id":1674,"date":"2017-03-21T16:59:50","date_gmt":"2017-03-21T14:59:50","guid":{"rendered":"https:\/\/www.saxsim.ee\/swp\/toode\/feather-razor-original-1-tk\/"},"modified":"2025-07-10T09:57:14","modified_gmt":"2025-07-10T06:57:14","slug":"feather-razor-original-1-tk","status":"publish","type":"product","link":"https:\/\/saxsim.ee\/swp\/product\/feather-razor-original-1-tk\/","title":{"rendered":"Feather Razor Original 1 tk. &#8211; l\u00f5ikusnuga"},"content":{"rendered":"<p>Juuksel\u00f5ikusnuga\u00a0Feather Razor Original.<\/p>\n<p>NB! \u017diletiterad ei kuulu komplekti.<\/p>\n<p>\u017diletiterad on eraldi m\u00fc\u00fcgis.<\/p>\n<p>&nbsp;<\/p>\n","protected":false},"excerpt":{"rendered":"<p>Juuksel\u00f5ikusnuga\u00a0Feather Razor Original. NB! \u017diletiterad ei kuulu komplekti. \u017diletiterad on eraldi m\u00fc\u00fcgis. &nbsp;<\/p>\n","protected":false},"featured_media":1675,"comment_status":"closed","ping_status":"closed","template":"","meta":[],"product_cat":[707,401,337],"product_tag":[],"class_list":{"0":"post-1674","1":"product","2":"type-product","3":"status-publish","4":"has-post-thumbnail","6":"product_cat-feather","7":"product_cat-juuksuri-tarvikud","8":"product_cat-loikusnoad-ja-noaterad","10":"first","11":"instock","12":"taxable","13":"shipping-taxable","14":"purchasable","15":"product-type-simple"},"_links":{"self":[{"href":"https:\/\/saxsim.ee\/swp\/wp-json\/wp\/v2\/product\/1674"}],"collection":[{"href":"https:\/\/saxsim.ee\/swp\/wp-json\/wp\/v2\/product"}],"about":[{"href":"https:\/\/saxsim.ee\/swp\/wp-json\/wp\/v2\/types\/product"}],"replies":[{"embeddable":true,"href":"https:\/\/saxsim.ee\/swp\/wp-json\/wp\/v2\/comments?post=1674"}],"wp:featuredmedia":[{"embeddable":true,"href":"https:\/\/saxsim.ee\/swp\/wp-json\/wp\/v2\/media\/1675"}],"wp:attachment":[{"href":"https:\/\/saxsim.ee\/swp\/wp-json\/wp\/v2\/media?parent=1674"}],"wp:term":[{"taxonomy":"product_cat","embeddable":true,"href":"https:\/\/saxsim.ee\/swp\/wp-json\/wp\/v2\/product_cat?post=1674"},{"taxonomy":"product_tag","embeddable":true,"href":"https:\/\/saxsim.ee\/swp\/wp-json\/wp\/v2\/product_tag?post=1674"}],"curies":[{"name":"wp","href":"https:\/\/api.w.org\/{rel}","templated":true}]}}